{"id":3524,"date":"2024-01-26T15:02:57","date_gmt":"2024-01-26T21:02:57","guid":{"rendered":"https:\/\/libreriahistoriasdebolsillo.com\/?post_type=product&#038;p=3524"},"modified":"2025-02-14T16:59:01","modified_gmt":"2025-02-14T22:59:01","slug":"los-aceites-esenciales-antiestres","status":"publish","type":"product","link":"https:\/\/libreriahistoriasdebolsillo.com\/index.php\/producto\/los-aceites-esenciales-antiestres\/","title":{"rendered":"Los aceites esenciales antiestr\u00e9s"},"content":{"rendered":"<p>En nuestro d\u00eda a d\u00eda, todos estamos sujetos a alguna fuente de tensi\u00f3n, nervios o ansiedad. Descubre qu\u00e9 es el estr\u00e9s y c\u00f3mo los aceites esenciales te ayudan a reducir o a eliminar sus efectos negativos (insomnio, irritabilidad, des\u00e1nimo, dolores de cabeza, trastornos digestivos, angustia, cansancio&#8230;). Antonia Jover, una de las aromat\u00f3logas m\u00e1s reputadas de nuestro pa\u00eds, te ayudar\u00e1 a combatir estos s\u00edntomas con aceites esenciales espec\u00edficos y aplicaciones sencillas.<\/p>\n","protected":false},"excerpt":{"rendered":"<p>Antonia Jover<\/p>\n","protected":false},"featured_media":3525,"template":"","meta":{"_joinchat":[]},"product_brand":[],"product_cat":[41],"product_tag":[48],"class_list":{"0":"post-3524","1":"product","2":"type-product","3":"status-publish","4":"has-post-thumbnail","6":"product_cat-desarrollo-humano","7":"product_tag-vr-editoras","9":"first","10":"outofstock","11":"shipping-taxable","12":"purchasable","13":"product-type-simple"},"_links":{"self":[{"href":"https:\/\/libreriahistoriasdebolsillo.com\/index.php\/wp-json\/wp\/v2\/product\/3524","targetHints":{"allow":["GET"]}}],"collection":[{"href":"https:\/\/libreriahistoriasdebolsillo.com\/index.php\/wp-json\/wp\/v2\/product"}],"about":[{"href":"https:\/\/libreriahistoriasdebolsillo.com\/index.php\/wp-json\/wp\/v2\/types\/product"}],"wp:featuredmedia":[{"embeddable":true,"href":"https:\/\/libreriahistoriasdebolsillo.com\/index.php\/wp-json\/wp\/v2\/media\/3525"}],"wp:attachment":[{"href":"https:\/\/libreriahistoriasdebolsillo.com\/index.php\/wp-json\/wp\/v2\/media?parent=3524"}],"wp:term":[{"taxonomy":"product_brand","embeddable":true,"href":"https:\/\/libreriahistoriasdebolsillo.com\/index.php\/wp-json\/wp\/v2\/product_brand?post=3524"},{"taxonomy":"product_cat","embeddable":true,"href":"https:\/\/libreriahistoriasdebolsillo.com\/index.php\/wp-json\/wp\/v2\/product_cat?post=3524"},{"taxonomy":"product_tag","embeddable":true,"href":"https:\/\/libreriahistoriasdebolsillo.com\/index.php\/wp-json\/wp\/v2\/product_tag?post=3524"}],"curies":[{"name":"wp","href":"https:\/\/api.w.org\/{rel}","templated":true}]}}