{"id":3528,"date":"2024-01-26T15:07:26","date_gmt":"2024-01-26T21:07:26","guid":{"rendered":"https:\/\/libreriahistoriasdebolsillo.com\/?post_type=product&#038;p=3528"},"modified":"2025-02-14T18:02:51","modified_gmt":"2025-02-15T00:02:51","slug":"las-luminosas","status":"publish","type":"product","link":"https:\/\/libreriahistoriasdebolsillo.com\/index.php\/producto\/las-luminosas\/","title":{"rendered":"Las luminosas"},"content":{"rendered":"<p>Chicago, 1931. Harper Curtis, un vagabundo violento, se topa con una casa que oculta un sorprendente secreto: es la puerta que lo traslada a otros momentos del tiempo para acechar a mujeres j\u00f3venes que se le aparecen como \u00abluminosas\u00bb, rodeadas de una aureola especial que las convierte en el preciado objeto de sus instintos asesinos. Chicago, 1992. La vida de Kirby Mazrachi se ha trastocado tras el brutal intento de asesinarla. Mientras lucha por encontrar a su atacante, su \u00fanico aliado es Dan, un antiguo periodista de homicidios que se ocup\u00f3 del caso y que trata de protegerla de su obsesi\u00f3n. A medida que Kirby avanza en la investigaci\u00f3n descubre a otras chicas, las que no lo lograron. Las pruebas de los cr\u00edmenes son imposibles y la respuesta parece ocultarse en una casa abandonada en medio de la ciudad.<\/p>\n","protected":false},"excerpt":{"rendered":"<p>Lauren Beukes<\/p>\n","protected":false},"featured_media":3529,"template":"","meta":{"_joinchat":[]},"product_brand":[],"product_cat":[37],"product_tag":[48],"class_list":{"0":"post-3528","1":"product","2":"type-product","3":"status-publish","4":"has-post-thumbnail","6":"product_cat-misterio-y-thriller","7":"product_tag-vr-editoras","9":"first","10":"instock","11":"shipping-taxable","12":"purchasable","13":"product-type-simple"},"_links":{"self":[{"href":"https:\/\/libreriahistoriasdebolsillo.com\/index.php\/wp-json\/wp\/v2\/product\/3528","targetHints":{"allow":["GET"]}}],"collection":[{"href":"https:\/\/libreriahistoriasdebolsillo.com\/index.php\/wp-json\/wp\/v2\/product"}],"about":[{"href":"https:\/\/libreriahistoriasdebolsillo.com\/index.php\/wp-json\/wp\/v2\/types\/product"}],"wp:featuredmedia":[{"embeddable":true,"href":"https:\/\/libreriahistoriasdebolsillo.com\/index.php\/wp-json\/wp\/v2\/media\/3529"}],"wp:attachment":[{"href":"https:\/\/libreriahistoriasdebolsillo.com\/index.php\/wp-json\/wp\/v2\/media?parent=3528"}],"wp:term":[{"taxonomy":"product_brand","embeddable":true,"href":"https:\/\/libreriahistoriasdebolsillo.com\/index.php\/wp-json\/wp\/v2\/product_brand?post=3528"},{"taxonomy":"product_cat","embeddable":true,"href":"https:\/\/libreriahistoriasdebolsillo.com\/index.php\/wp-json\/wp\/v2\/product_cat?post=3528"},{"taxonomy":"product_tag","embeddable":true,"href":"https:\/\/libreriahistoriasdebolsillo.com\/index.php\/wp-json\/wp\/v2\/product_tag?post=3528"}],"curies":[{"name":"wp","href":"https:\/\/api.w.org\/{rel}","templated":true}]}}