{"id":3530,"date":"2024-01-26T15:11:44","date_gmt":"2024-01-26T21:11:44","guid":{"rendered":"https:\/\/libreriahistoriasdebolsillo.com\/?post_type=product&#038;p=3530"},"modified":"2025-02-14T16:57:09","modified_gmt":"2025-02-14T22:57:09","slug":"historia-de-la-lengua-espanola","status":"publish","type":"product","link":"https:\/\/libreriahistoriasdebolsillo.com\/index.php\/producto\/historia-de-la-lengua-espanola\/","title":{"rendered":"Historia de la lengua espa\u00f1ola"},"content":{"rendered":"<p>Esta edici\u00f3n recoge la \u00faltima reelaboraci\u00f3n que el maestro Lapesa hizo con exigente entusiasmo, aumentando su volumen original en m\u00e1s de un tercio. Y de nuevo se impone concluir: nadie como Rafael Lapesa ha descrito la historia de nuestra lengua; nadie ha sabido contarla ni con tanta eficacia, ni con tanto encanto. Su libro alcanza cohesi\u00f3n superior al concebir como inseparables la lengua y la literatura. Los grandes autores y obras aparecen caracterizados en su estilo de forma inolvidable. En el dominio de los materiales brillan las cualidades relevantes de Lapesa: saber exacto, equilibrio, serena objetividad, talante generoso, claridad pura (casi sin tecnicismos), compenetraci\u00f3n mental y sensitiva con lo tratado, modestia, sacrificio.<\/p>\n","protected":false},"excerpt":{"rendered":"<p>Rafael Lapesa<\/p>\n","protected":false},"featured_media":3531,"template":"","meta":{"_joinchat":[]},"product_brand":[],"product_cat":[56,41],"product_tag":[48],"class_list":{"0":"post-3530","1":"product","2":"type-product","3":"status-publish","4":"has-post-thumbnail","6":"product_cat-historica","7":"product_cat-desarrollo-humano","8":"product_tag-vr-editoras","10":"first","11":"outofstock","12":"shipping-taxable","13":"purchasable","14":"product-type-simple"},"_links":{"self":[{"href":"https:\/\/libreriahistoriasdebolsillo.com\/index.php\/wp-json\/wp\/v2\/product\/3530","targetHints":{"allow":["GET"]}}],"collection":[{"href":"https:\/\/libreriahistoriasdebolsillo.com\/index.php\/wp-json\/wp\/v2\/product"}],"about":[{"href":"https:\/\/libreriahistoriasdebolsillo.com\/index.php\/wp-json\/wp\/v2\/types\/product"}],"wp:featuredmedia":[{"embeddable":true,"href":"https:\/\/libreriahistoriasdebolsillo.com\/index.php\/wp-json\/wp\/v2\/media\/3531"}],"wp:attachment":[{"href":"https:\/\/libreriahistoriasdebolsillo.com\/index.php\/wp-json\/wp\/v2\/media?parent=3530"}],"wp:term":[{"taxonomy":"product_brand","embeddable":true,"href":"https:\/\/libreriahistoriasdebolsillo.com\/index.php\/wp-json\/wp\/v2\/product_brand?post=3530"},{"taxonomy":"product_cat","embeddable":true,"href":"https:\/\/libreriahistoriasdebolsillo.com\/index.php\/wp-json\/wp\/v2\/product_cat?post=3530"},{"taxonomy":"product_tag","embeddable":true,"href":"https:\/\/libreriahistoriasdebolsillo.com\/index.php\/wp-json\/wp\/v2\/product_tag?post=3530"}],"curies":[{"name":"wp","href":"https:\/\/api.w.org\/{rel}","templated":true}]}}