{"id":3532,"date":"2024-01-26T15:13:17","date_gmt":"2024-01-26T21:13:17","guid":{"rendered":"https:\/\/libreriahistoriasdebolsillo.com\/?post_type=product&#038;p=3532"},"modified":"2025-02-14T16:56:03","modified_gmt":"2025-02-14T22:56:03","slug":"el-aire-que-respiras","status":"publish","type":"product","link":"https:\/\/libreriahistoriasdebolsillo.com\/index.php\/producto\/el-aire-que-respiras\/","title":{"rendered":"El aire que respiras"},"content":{"rendered":"<p>Una bocanada de aire fresco que disipa todas las dudas sobre nuestra atm\u00f3sfera. Con siete millones de muertes prematuras al a\u00f1o relacionadas con la contaminaci\u00f3n, la calidad del aire es un asunto que nos ata\u00f1e a todos. Pero, \u00bfc\u00f3mo se mide la poluci\u00f3n? \u00bfson efectivas las leyes que loa regulan? \u00bfes siempre nocivo el mal olor? \u00bfdebemos comprar, conservar o rechazar un coche de gas\u00f3leo? \u00bfheredar\u00e1n nuestros nietos un aire que se pueda respirar?<\/p>\n","protected":false},"excerpt":{"rendered":"<p>Mark Broomfield<\/p>\n","protected":false},"featured_media":3533,"template":"","meta":{"_joinchat":[]},"product_brand":[],"product_cat":[41],"product_tag":[48],"class_list":{"0":"post-3532","1":"product","2":"type-product","3":"status-publish","4":"has-post-thumbnail","6":"product_cat-desarrollo-humano","7":"product_tag-vr-editoras","9":"first","10":"outofstock","11":"shipping-taxable","12":"purchasable","13":"product-type-simple"},"_links":{"self":[{"href":"https:\/\/libreriahistoriasdebolsillo.com\/index.php\/wp-json\/wp\/v2\/product\/3532","targetHints":{"allow":["GET"]}}],"collection":[{"href":"https:\/\/libreriahistoriasdebolsillo.com\/index.php\/wp-json\/wp\/v2\/product"}],"about":[{"href":"https:\/\/libreriahistoriasdebolsillo.com\/index.php\/wp-json\/wp\/v2\/types\/product"}],"wp:featuredmedia":[{"embeddable":true,"href":"https:\/\/libreriahistoriasdebolsillo.com\/index.php\/wp-json\/wp\/v2\/media\/3533"}],"wp:attachment":[{"href":"https:\/\/libreriahistoriasdebolsillo.com\/index.php\/wp-json\/wp\/v2\/media?parent=3532"}],"wp:term":[{"taxonomy":"product_brand","embeddable":true,"href":"https:\/\/libreriahistoriasdebolsillo.com\/index.php\/wp-json\/wp\/v2\/product_brand?post=3532"},{"taxonomy":"product_cat","embeddable":true,"href":"https:\/\/libreriahistoriasdebolsillo.com\/index.php\/wp-json\/wp\/v2\/product_cat?post=3532"},{"taxonomy":"product_tag","embeddable":true,"href":"https:\/\/libreriahistoriasdebolsillo.com\/index.php\/wp-json\/wp\/v2\/product_tag?post=3532"}],"curies":[{"name":"wp","href":"https:\/\/api.w.org\/{rel}","templated":true}]}}