{"id":3537,"date":"2024-01-26T15:19:03","date_gmt":"2024-01-26T21:19:03","guid":{"rendered":"https:\/\/libreriahistoriasdebolsillo.com\/?post_type=product&#038;p=3537"},"modified":"2025-02-14T17:31:55","modified_gmt":"2025-02-14T23:31:55","slug":"war-and-peas-comics-divertidos-para-mentes-retorcidas","status":"publish","type":"product","link":"https:\/\/libreriahistoriasdebolsillo.com\/index.php\/producto\/war-and-peas-comics-divertidos-para-mentes-retorcidas\/","title":{"rendered":"War and peas. C\u00f3mics divertidos para mentes retorcidas (Pasta dura)"},"content":{"rendered":"<p>De los creadores de la popular cuenta de Instagram War and Peas, estos ins\u00f3litos c\u00f3mics de cuatro vi\u00f1etas presentan una estetica a lo cuento de hadas de final escabroso. War and Peas. C\u00f3mics divertidos para mentes retorcidas combina humor perverso con un elenco de personajes maravillosos, entre los que se incluye a la Parca, vista como un caballero ocioso y accidentalmente letal; un robot enamorado hasta las trancas de su creadora, y una bruja promiscua pero muy segura de s\u00ed misma. Adentrate en las hilarantes experiencias de estos personajes; en sus locuras durante la vida y la muerte; u en sus escarceos con el m\u00e1s all\u00e1, y el m\u00e1s, m\u00e1s all\u00e1.<\/p>\n","protected":false},"excerpt":{"rendered":"<p>Jonathan Kunz y Elizabeth Pich<\/p>\n","protected":false},"featured_media":3538,"template":"","meta":{"_joinchat":[]},"product_brand":[],"product_cat":[67],"product_tag":[48],"class_list":{"0":"post-3537","1":"product","2":"type-product","3":"status-publish","4":"has-post-thumbnail","6":"product_cat-manga","7":"product_tag-vr-editoras","9":"first","10":"outofstock","11":"shipping-taxable","12":"purchasable","13":"product-type-simple"},"_links":{"self":[{"href":"https:\/\/libreriahistoriasdebolsillo.com\/index.php\/wp-json\/wp\/v2\/product\/3537","targetHints":{"allow":["GET"]}}],"collection":[{"href":"https:\/\/libreriahistoriasdebolsillo.com\/index.php\/wp-json\/wp\/v2\/product"}],"about":[{"href":"https:\/\/libreriahistoriasdebolsillo.com\/index.php\/wp-json\/wp\/v2\/types\/product"}],"wp:featuredmedia":[{"embeddable":true,"href":"https:\/\/libreriahistoriasdebolsillo.com\/index.php\/wp-json\/wp\/v2\/media\/3538"}],"wp:attachment":[{"href":"https:\/\/libreriahistoriasdebolsillo.com\/index.php\/wp-json\/wp\/v2\/media?parent=3537"}],"wp:term":[{"taxonomy":"product_brand","embeddable":true,"href":"https:\/\/libreriahistoriasdebolsillo.com\/index.php\/wp-json\/wp\/v2\/product_brand?post=3537"},{"taxonomy":"product_cat","embeddable":true,"href":"https:\/\/libreriahistoriasdebolsillo.com\/index.php\/wp-json\/wp\/v2\/product_cat?post=3537"},{"taxonomy":"product_tag","embeddable":true,"href":"https:\/\/libreriahistoriasdebolsillo.com\/index.php\/wp-json\/wp\/v2\/product_tag?post=3537"}],"curies":[{"name":"wp","href":"https:\/\/api.w.org\/{rel}","templated":true}]}}