{"id":3544,"date":"2024-01-26T15:25:34","date_gmt":"2024-01-26T21:25:34","guid":{"rendered":"https:\/\/libreriahistoriasdebolsillo.com\/?post_type=product&#038;p=3544"},"modified":"2025-02-14T18:23:49","modified_gmt":"2025-02-15T00:23:49","slug":"aprende-ajedrez","status":"publish","type":"product","link":"https:\/\/libreriahistoriasdebolsillo.com\/index.php\/producto\/aprende-ajedrez\/","title":{"rendered":"Aprende ajedrez"},"content":{"rendered":"<p>La mayor\u00eda de los cursos de ajedrez empiezan con el movimiento de las piezas para, a continuaci\u00f3n, colocarlas sobre el tablero y comenzar una partida. Pero cuando el principiante intenta dar sus primeros pasos, el desconcierto es abrumador. Le han explicado c\u00f3mo se mueven las piezas, pero no para que. Este libro presenta un metodo revolucionario en el que se ense\u00f1a a comprender las jugadas, de lo b\u00e1sico a lo complejo. Con este curso aprender\u00e1s m\u00e1s r\u00e1pido y de forma m\u00e1s divertida, pero sobre todo, aprender\u00e1s a jugar bien al ajedrez.<\/p>\n","protected":false},"excerpt":{"rendered":"<p>Miguel Illescas<\/p>\n","protected":false},"featured_media":3545,"template":"","meta":{"_joinchat":[]},"product_brand":[],"product_cat":[41],"product_tag":[48],"class_list":{"0":"post-3544","1":"product","2":"type-product","3":"status-publish","4":"has-post-thumbnail","6":"product_cat-desarrollo-humano","7":"product_tag-vr-editoras","9":"first","10":"outofstock","11":"shipping-taxable","12":"purchasable","13":"product-type-simple"},"_links":{"self":[{"href":"https:\/\/libreriahistoriasdebolsillo.com\/index.php\/wp-json\/wp\/v2\/product\/3544","targetHints":{"allow":["GET"]}}],"collection":[{"href":"https:\/\/libreriahistoriasdebolsillo.com\/index.php\/wp-json\/wp\/v2\/product"}],"about":[{"href":"https:\/\/libreriahistoriasdebolsillo.com\/index.php\/wp-json\/wp\/v2\/types\/product"}],"wp:featuredmedia":[{"embeddable":true,"href":"https:\/\/libreriahistoriasdebolsillo.com\/index.php\/wp-json\/wp\/v2\/media\/3545"}],"wp:attachment":[{"href":"https:\/\/libreriahistoriasdebolsillo.com\/index.php\/wp-json\/wp\/v2\/media?parent=3544"}],"wp:term":[{"taxonomy":"product_brand","embeddable":true,"href":"https:\/\/libreriahistoriasdebolsillo.com\/index.php\/wp-json\/wp\/v2\/product_brand?post=3544"},{"taxonomy":"product_cat","embeddable":true,"href":"https:\/\/libreriahistoriasdebolsillo.com\/index.php\/wp-json\/wp\/v2\/product_cat?post=3544"},{"taxonomy":"product_tag","embeddable":true,"href":"https:\/\/libreriahistoriasdebolsillo.com\/index.php\/wp-json\/wp\/v2\/product_tag?post=3544"}],"curies":[{"name":"wp","href":"https:\/\/api.w.org\/{rel}","templated":true}]}}