{"id":3548,"date":"2024-01-26T15:26:53","date_gmt":"2024-01-26T21:26:53","guid":{"rendered":"https:\/\/libreriahistoriasdebolsillo.com\/?post_type=product&#038;p=3548"},"modified":"2025-02-14T18:23:44","modified_gmt":"2025-02-15T00:23:44","slug":"aprende-a-desacelerar-en-30-dias","status":"publish","type":"product","link":"https:\/\/libreriahistoriasdebolsillo.com\/index.php\/producto\/aprende-a-desacelerar-en-30-dias\/","title":{"rendered":"Aprende a desacelerar en 30 d\u00edas"},"content":{"rendered":"<p>SLOW es una actitud. Implica anteponer la calidad a la cantidad. Ser consciente, estar presente y vivir el momento. Saborear los minutos y los segundos en lugar de contarlos. Dedicar tu tiempo, energ\u00eda y atenci\u00f3n a las cosas que de verdad importan. Ap\u00fantate al m\u00e9todo pr\u00e1ctico para bajar el ritmo en 30 d\u00edas. Te sentir\u00e1s m\u00e1s feliz y saludable, con una mayor conexi\u00f3n, creatividad y dinamismo, y liberar\u00e1s una versi\u00f3n mejor de ti en tu hogar, en tus relaciones y en el trabajo.<\/p>\n","protected":false},"excerpt":{"rendered":"<p>Carl Honor\u00e9<\/p>\n","protected":false},"featured_media":3549,"template":"","meta":{"_joinchat":[]},"product_brand":[],"product_cat":[41],"product_tag":[48],"class_list":{"0":"post-3548","1":"product","2":"type-product","3":"status-publish","4":"has-post-thumbnail","6":"product_cat-desarrollo-humano","7":"product_tag-vr-editoras","9":"first","10":"outofstock","11":"shipping-taxable","12":"purchasable","13":"product-type-simple"},"_links":{"self":[{"href":"https:\/\/libreriahistoriasdebolsillo.com\/index.php\/wp-json\/wp\/v2\/product\/3548","targetHints":{"allow":["GET"]}}],"collection":[{"href":"https:\/\/libreriahistoriasdebolsillo.com\/index.php\/wp-json\/wp\/v2\/product"}],"about":[{"href":"https:\/\/libreriahistoriasdebolsillo.com\/index.php\/wp-json\/wp\/v2\/types\/product"}],"wp:featuredmedia":[{"embeddable":true,"href":"https:\/\/libreriahistoriasdebolsillo.com\/index.php\/wp-json\/wp\/v2\/media\/3549"}],"wp:attachment":[{"href":"https:\/\/libreriahistoriasdebolsillo.com\/index.php\/wp-json\/wp\/v2\/media?parent=3548"}],"wp:term":[{"taxonomy":"product_brand","embeddable":true,"href":"https:\/\/libreriahistoriasdebolsillo.com\/index.php\/wp-json\/wp\/v2\/product_brand?post=3548"},{"taxonomy":"product_cat","embeddable":true,"href":"https:\/\/libreriahistoriasdebolsillo.com\/index.php\/wp-json\/wp\/v2\/product_cat?post=3548"},{"taxonomy":"product_tag","embeddable":true,"href":"https:\/\/libreriahistoriasdebolsillo.com\/index.php\/wp-json\/wp\/v2\/product_tag?post=3548"}],"curies":[{"name":"wp","href":"https:\/\/api.w.org\/{rel}","templated":true}]}}