{"id":3550,"date":"2024-01-26T15:30:29","date_gmt":"2024-01-26T21:30:29","guid":{"rendered":"https:\/\/libreriahistoriasdebolsillo.com\/?post_type=product&#038;p=3550"},"modified":"2025-02-14T17:32:09","modified_gmt":"2025-02-14T23:32:09","slug":"jacky-el-oso-de-tallac-y-otros-cuentos-pasta-dura","status":"publish","type":"product","link":"https:\/\/libreriahistoriasdebolsillo.com\/index.php\/producto\/jacky-el-oso-de-tallac-y-otros-cuentos-pasta-dura\/","title":{"rendered":"Jacky, el oso de Tallac y otros cuentos (Pasta dura)"},"content":{"rendered":"<p><span class=\"a-text-italic\">Jacky, Jacky, vagabundo y feliz est\u00e1 que se va por el mundo\u2026<\/span><br \/>\nAs\u00ed empieza la canci\u00f3n que nos introdujo en el mundo de Jacky y Nuca. Unos dibujos animados tiernos, divertidos e ic\u00f3nicos inspirados en la obra original de Ernest Thompson Seton.<br \/>\nEn Jacky, el oso de Tallac, el pionero conservacionista Seton narra la historia de Jacky y Jill, dos oseznos que, tras la muerte de su madre, pasan a manos de un granjero de las monta\u00f1as. El relato es una oda a la naturaleza, un retrato implacable del conflicto del hombre contra lo salvaje y, ante todo, la apasionante lucha de una bestia indomable por su libertad.<br \/>\nIncluye las historias\u00a0<span class=\"a-text-italic\">Jacky, el oso de Tallac<\/span>,\u00a0<span class=\"a-text-italic\">Tras la pista del ciervo<\/span>\u00a0y\u00a0<span class=\"a-text-italic\">El oso Johnny<\/span>.<\/p>\n","protected":false},"excerpt":{"rendered":"<p>Ernest Thompson Seton<\/p>\n","protected":false},"featured_media":3551,"template":"","meta":{"_joinchat":[]},"product_brand":[],"product_cat":[33,54,52],"product_tag":[48],"class_list":{"0":"post-3550","1":"product","2":"type-product","3":"status-publish","4":"has-post-thumbnail","6":"product_cat-ficcion-general","7":"product_cat-infantil","8":"product_cat-juvenil","9":"product_tag-vr-editoras","11":"first","12":"outofstock","13":"shipping-taxable","14":"purchasable","15":"product-type-simple"},"_links":{"self":[{"href":"https:\/\/libreriahistoriasdebolsillo.com\/index.php\/wp-json\/wp\/v2\/product\/3550","targetHints":{"allow":["GET"]}}],"collection":[{"href":"https:\/\/libreriahistoriasdebolsillo.com\/index.php\/wp-json\/wp\/v2\/product"}],"about":[{"href":"https:\/\/libreriahistoriasdebolsillo.com\/index.php\/wp-json\/wp\/v2\/types\/product"}],"wp:featuredmedia":[{"embeddable":true,"href":"https:\/\/libreriahistoriasdebolsillo.com\/index.php\/wp-json\/wp\/v2\/media\/3551"}],"wp:attachment":[{"href":"https:\/\/libreriahistoriasdebolsillo.com\/index.php\/wp-json\/wp\/v2\/media?parent=3550"}],"wp:term":[{"taxonomy":"product_brand","embeddable":true,"href":"https:\/\/libreriahistoriasdebolsillo.com\/index.php\/wp-json\/wp\/v2\/product_brand?post=3550"},{"taxonomy":"product_cat","embeddable":true,"href":"https:\/\/libreriahistoriasdebolsillo.com\/index.php\/wp-json\/wp\/v2\/product_cat?post=3550"},{"taxonomy":"product_tag","embeddable":true,"href":"https:\/\/libreriahistoriasdebolsillo.com\/index.php\/wp-json\/wp\/v2\/product_tag?post=3550"}],"curies":[{"name":"wp","href":"https:\/\/api.w.org\/{rel}","templated":true}]}}