{"id":3552,"date":"2024-01-26T15:32:35","date_gmt":"2024-01-26T21:32:35","guid":{"rendered":"https:\/\/libreriahistoriasdebolsillo.com\/?post_type=product&#038;p=3552"},"modified":"2025-02-14T17:31:12","modified_gmt":"2025-02-14T23:31:12","slug":"la-despensa-saludable","status":"publish","type":"product","link":"https:\/\/libreriahistoriasdebolsillo.com\/index.php\/producto\/la-despensa-saludable\/","title":{"rendered":"La despensa saludable"},"content":{"rendered":"<p>Haz de tu cocina una fuente de salud. Hoy en d\u00eda, componer una despensa saludable puede ser toda una revoluci\u00f3n. Si bien no podemos influir en las grandes decisiones que afectan al planeta, que se toman en reuniones de alto nivel, s\u00ed tenemos un 100% de libertad sobre lo que nos llevamos a la boca, que repercutir\u00e1 en nuestra salud y nos facilitar\u00e1 una vida plena y con m\u00e1s sentido. S\u00famate a la revoluci\u00f3n casera: Basa tu compra en los productos locales, frescos y de temporada. Aprende a componer una despensa con ingredientes sanos y despr\u00e9ndete de los que no lo son. Organ\u00edzate para comer, cada d\u00eda, deliciosas comidas caseras y saludables, y olv\u00eddate de las prisas y de los precocinados. Aplica el plan residuo cero en tu cocina.<\/p>\n","protected":false},"excerpt":{"rendered":"<p>Mar\u00eda del Mar Jim\u00e9nez<\/p>\n","protected":false},"featured_media":3553,"template":"","meta":{"_joinchat":[]},"product_brand":[],"product_cat":[62,41],"product_tag":[48],"class_list":{"0":"post-3552","1":"product","2":"type-product","3":"status-publish","4":"has-post-thumbnail","6":"product_cat-cocina","7":"product_cat-desarrollo-humano","8":"product_tag-vr-editoras","10":"first","11":"outofstock","12":"shipping-taxable","13":"purchasable","14":"product-type-simple"},"_links":{"self":[{"href":"https:\/\/libreriahistoriasdebolsillo.com\/index.php\/wp-json\/wp\/v2\/product\/3552","targetHints":{"allow":["GET"]}}],"collection":[{"href":"https:\/\/libreriahistoriasdebolsillo.com\/index.php\/wp-json\/wp\/v2\/product"}],"about":[{"href":"https:\/\/libreriahistoriasdebolsillo.com\/index.php\/wp-json\/wp\/v2\/types\/product"}],"wp:featuredmedia":[{"embeddable":true,"href":"https:\/\/libreriahistoriasdebolsillo.com\/index.php\/wp-json\/wp\/v2\/media\/3553"}],"wp:attachment":[{"href":"https:\/\/libreriahistoriasdebolsillo.com\/index.php\/wp-json\/wp\/v2\/media?parent=3552"}],"wp:term":[{"taxonomy":"product_brand","embeddable":true,"href":"https:\/\/libreriahistoriasdebolsillo.com\/index.php\/wp-json\/wp\/v2\/product_brand?post=3552"},{"taxonomy":"product_cat","embeddable":true,"href":"https:\/\/libreriahistoriasdebolsillo.com\/index.php\/wp-json\/wp\/v2\/product_cat?post=3552"},{"taxonomy":"product_tag","embeddable":true,"href":"https:\/\/libreriahistoriasdebolsillo.com\/index.php\/wp-json\/wp\/v2\/product_tag?post=3552"}],"curies":[{"name":"wp","href":"https:\/\/api.w.org\/{rel}","templated":true}]}}