{"id":3556,"date":"2024-01-26T15:36:24","date_gmt":"2024-01-26T21:36:24","guid":{"rendered":"https:\/\/libreriahistoriasdebolsillo.com\/?post_type=product&#038;p=3556"},"modified":"2025-02-14T17:31:43","modified_gmt":"2025-02-14T23:31:43","slug":"la-caida-del-patriarcado","status":"publish","type":"product","link":"https:\/\/libreriahistoriasdebolsillo.com\/index.php\/producto\/la-caida-del-patriarcado\/","title":{"rendered":"La ca\u00edda del patriarcado (Pasta dura)"},"content":{"rendered":"<p>Las feministas han sido ridiculizadas y acosadas en todo el mundo y en todos los tiempos. En el siglo XVIII, unas acabaron decapitadas en la guillotina; en el siglo xix, otras, las sufragistas, terminaron en prisi\u00f3n. Hoy, en pa\u00edses como Ir\u00e1n y Arabia Saud\u00ed, se sigue encarcelando a activistas feministas. Se las retrata como mujeres amargadas, enfadadas y nada atractivas. Sin embargo, las nuevas generaciones levantan su bandera con orgullo. Este libro es un paseo por la historia cultural del patriarcado. Con una gran dosis de humor nos cuenta c\u00f3mo los hombres \u2014desde Arist\u00f3teles hasta Woody Allen\u2014 han descrito el mundo desde su mirada masculina. Nos cuenta c\u00f3mo muchas mujeres han combatido la opresi\u00f3n a lo largo de la historia. Y encontrar\u00e1s una lista de los mayores machistas de todos los tiempos.<\/p>\n","protected":false},"excerpt":{"rendered":"<p>Marta Breen y Jenny Jordahl<\/p>\n","protected":false},"featured_media":3557,"template":"","meta":{"_joinchat":[]},"product_brand":[],"product_cat":[67],"product_tag":[48],"class_list":{"0":"post-3556","1":"product","2":"type-product","3":"status-publish","4":"has-post-thumbnail","6":"product_cat-manga","7":"product_tag-vr-editoras","9":"first","10":"outofstock","11":"shipping-taxable","12":"purchasable","13":"product-type-simple"},"_links":{"self":[{"href":"https:\/\/libreriahistoriasdebolsillo.com\/index.php\/wp-json\/wp\/v2\/product\/3556","targetHints":{"allow":["GET"]}}],"collection":[{"href":"https:\/\/libreriahistoriasdebolsillo.com\/index.php\/wp-json\/wp\/v2\/product"}],"about":[{"href":"https:\/\/libreriahistoriasdebolsillo.com\/index.php\/wp-json\/wp\/v2\/types\/product"}],"wp:featuredmedia":[{"embeddable":true,"href":"https:\/\/libreriahistoriasdebolsillo.com\/index.php\/wp-json\/wp\/v2\/media\/3557"}],"wp:attachment":[{"href":"https:\/\/libreriahistoriasdebolsillo.com\/index.php\/wp-json\/wp\/v2\/media?parent=3556"}],"wp:term":[{"taxonomy":"product_brand","embeddable":true,"href":"https:\/\/libreriahistoriasdebolsillo.com\/index.php\/wp-json\/wp\/v2\/product_brand?post=3556"},{"taxonomy":"product_cat","embeddable":true,"href":"https:\/\/libreriahistoriasdebolsillo.com\/index.php\/wp-json\/wp\/v2\/product_cat?post=3556"},{"taxonomy":"product_tag","embeddable":true,"href":"https:\/\/libreriahistoriasdebolsillo.com\/index.php\/wp-json\/wp\/v2\/product_tag?post=3556"}],"curies":[{"name":"wp","href":"https:\/\/api.w.org\/{rel}","templated":true}]}}