{"id":3559,"date":"2024-01-26T15:38:53","date_gmt":"2024-01-26T21:38:53","guid":{"rendered":"https:\/\/libreriahistoriasdebolsillo.com\/?post_type=product&#038;p=3559"},"modified":"2025-02-14T16:58:40","modified_gmt":"2025-02-14T22:58:40","slug":"autoridad-y-autoritarismo","status":"publish","type":"product","link":"https:\/\/libreriahistoriasdebolsillo.com\/index.php\/producto\/autoridad-y-autoritarismo\/","title":{"rendered":"Autoridad y autoritarismo"},"content":{"rendered":"<p>\u00bfEst\u00e1 en crisis la autoridad? Lo escuchamos en lugares y \u00e1mbitos muy diversos: la autoridad de los padres y de las madres en la familia; la de los maestros en el \u00e1mbito pedag\u00f3gico; la de los m\u00e9dicos y terapeutas en su pr\u00e1ctica cl\u00ednica; la de los investigadores en el campo del saber cient\u00edfico; la de las jerarqu\u00edas en las instituciones religiosas. Y sobre todo la de los pol\u00edticos en el mundo de la pol\u00edtica. De hecho, la autoridad siempre ha estado en crisis, especialmente cuando debe justificar en qu\u00e9 se autoriza. Y, cuando esta desfallece, el autoritarismo se convierte en el s\u00edntoma de un uso del poder que no puede respetar ya la singularidad de las personas. En Autoridad y autoritarismo, Miquel Bassols recurre al psicoan\u00e1lisis como instrumento fundamental para someter a examen la autoridad y las crisis sociales con las que est\u00e1 \u00edntimamente relacionada, y nos plantea los interrogantes y algunas de las claves que sirven para encontrar respuestas a la compleja problem\u00e1tica que es inherente a ella.<\/p>\n","protected":false},"excerpt":{"rendered":"<p>Miquel Bassols<\/p>\n","protected":false},"featured_media":3560,"template":"","meta":{"_joinchat":[]},"product_brand":[],"product_cat":[41],"product_tag":[48],"class_list":{"0":"post-3559","1":"product","2":"type-product","3":"status-publish","4":"has-post-thumbnail","6":"product_cat-desarrollo-humano","7":"product_tag-vr-editoras","9":"first","10":"outofstock","11":"shipping-taxable","12":"purchasable","13":"product-type-simple"},"_links":{"self":[{"href":"https:\/\/libreriahistoriasdebolsillo.com\/index.php\/wp-json\/wp\/v2\/product\/3559","targetHints":{"allow":["GET"]}}],"collection":[{"href":"https:\/\/libreriahistoriasdebolsillo.com\/index.php\/wp-json\/wp\/v2\/product"}],"about":[{"href":"https:\/\/libreriahistoriasdebolsillo.com\/index.php\/wp-json\/wp\/v2\/types\/product"}],"wp:featuredmedia":[{"embeddable":true,"href":"https:\/\/libreriahistoriasdebolsillo.com\/index.php\/wp-json\/wp\/v2\/media\/3560"}],"wp:attachment":[{"href":"https:\/\/libreriahistoriasdebolsillo.com\/index.php\/wp-json\/wp\/v2\/media?parent=3559"}],"wp:term":[{"taxonomy":"product_brand","embeddable":true,"href":"https:\/\/libreriahistoriasdebolsillo.com\/index.php\/wp-json\/wp\/v2\/product_brand?post=3559"},{"taxonomy":"product_cat","embeddable":true,"href":"https:\/\/libreriahistoriasdebolsillo.com\/index.php\/wp-json\/wp\/v2\/product_cat?post=3559"},{"taxonomy":"product_tag","embeddable":true,"href":"https:\/\/libreriahistoriasdebolsillo.com\/index.php\/wp-json\/wp\/v2\/product_tag?post=3559"}],"curies":[{"name":"wp","href":"https:\/\/api.w.org\/{rel}","templated":true}]}}