{"id":3563,"date":"2024-01-26T15:42:33","date_gmt":"2024-01-26T21:42:33","guid":{"rendered":"https:\/\/libreriahistoriasdebolsillo.com\/?post_type=product&#038;p=3563"},"modified":"2025-02-14T16:58:13","modified_gmt":"2025-02-14T22:58:13","slug":"un-psicoanalista-interprete-en-la-discordia-de-los-discursos","status":"publish","type":"product","link":"https:\/\/libreriahistoriasdebolsillo.com\/index.php\/producto\/un-psicoanalista-interprete-en-la-discordia-de-los-discursos\/","title":{"rendered":"Un psicoanalista, int\u00e9rprete en la discordia de los discursos"},"content":{"rendered":"<p>\u00abMejor que renuncie quien no pueda unir a su horizonte la subjetividad de su \u00e9poca\u00bb. Es la advertencia que hace Jacques Lacan a todo aquel que quiera adentrarse en la Babel de su tiempo para interpretar los diferentes discursos como modalidades de lazo social. A partir de este rol que debe desempe\u00f1ar el psicoanalista, este libro re\u00fane las cuatro conferencias que \u00c9ric Laurent imparti\u00f3 en la inauguraci\u00f3n de las Primeras Conferencias Internacionales Jacques Lacan. En ellas, se reanuda un debate poli\u00e9drico sobre diversos temas capitales que se vislumbran en el horizonte: la mujer como s\u00edntoma de la civilizaci\u00f3n, el lugar problem\u00e1tico del s\u00edntoma en el futuro de la cl\u00ednica, el triunfo de las religiones y, finalmente, algunas novedades sobre la llamada \u00abbatalla del autismo\u00bb. Una demostraci\u00f3n l\u00facida de c\u00f3mo ordenar diferentes temas que son de inter\u00e9s para el discurso com\u00fan en la sociedad.<\/p>\n","protected":false},"excerpt":{"rendered":"<p>Eric Laurent<\/p>\n","protected":false},"featured_media":3564,"template":"","meta":{"_joinchat":[]},"product_brand":[],"product_cat":[41],"product_tag":[48],"class_list":{"0":"post-3563","1":"product","2":"type-product","3":"status-publish","4":"has-post-thumbnail","6":"product_cat-desarrollo-humano","7":"product_tag-vr-editoras","9":"first","10":"outofstock","11":"shipping-taxable","12":"purchasable","13":"product-type-simple"},"_links":{"self":[{"href":"https:\/\/libreriahistoriasdebolsillo.com\/index.php\/wp-json\/wp\/v2\/product\/3563","targetHints":{"allow":["GET"]}}],"collection":[{"href":"https:\/\/libreriahistoriasdebolsillo.com\/index.php\/wp-json\/wp\/v2\/product"}],"about":[{"href":"https:\/\/libreriahistoriasdebolsillo.com\/index.php\/wp-json\/wp\/v2\/types\/product"}],"wp:featuredmedia":[{"embeddable":true,"href":"https:\/\/libreriahistoriasdebolsillo.com\/index.php\/wp-json\/wp\/v2\/media\/3564"}],"wp:attachment":[{"href":"https:\/\/libreriahistoriasdebolsillo.com\/index.php\/wp-json\/wp\/v2\/media?parent=3563"}],"wp:term":[{"taxonomy":"product_brand","embeddable":true,"href":"https:\/\/libreriahistoriasdebolsillo.com\/index.php\/wp-json\/wp\/v2\/product_brand?post=3563"},{"taxonomy":"product_cat","embeddable":true,"href":"https:\/\/libreriahistoriasdebolsillo.com\/index.php\/wp-json\/wp\/v2\/product_cat?post=3563"},{"taxonomy":"product_tag","embeddable":true,"href":"https:\/\/libreriahistoriasdebolsillo.com\/index.php\/wp-json\/wp\/v2\/product_tag?post=3563"}],"curies":[{"name":"wp","href":"https:\/\/api.w.org\/{rel}","templated":true}]}}