{"id":3565,"date":"2024-01-26T15:44:31","date_gmt":"2024-01-26T21:44:31","guid":{"rendered":"https:\/\/libreriahistoriasdebolsillo.com\/?post_type=product&#038;p=3565"},"modified":"2025-02-14T16:58:25","modified_gmt":"2025-02-14T22:58:25","slug":"evidencia-cientifica-y-autismo","status":"publish","type":"product","link":"https:\/\/libreriahistoriasdebolsillo.com\/index.php\/producto\/evidencia-cientifica-y-autismo\/","title":{"rendered":"Evidencia cient\u00edfica y autismo"},"content":{"rendered":"<p>La evidencia cient\u00edfica, esa expresi\u00f3n que parec\u00eda irrefutable, se ha revelado como una marca detr\u00e1s de la cual no hay m\u00e1s que un mercado. En ese contexto, las investigaciones gen\u00e9ticas sobre el autismo tropiezan con la imposibilidad de encontrar una relaci\u00f3n causal simple entre bases gen\u00e9ticas y fen\u00f3menos cl\u00ednicos. Sus resultados llevan a conclusiones parciales sobre fen\u00f3menos dispersos. \u00bfCon qu\u00e9 legitimidad cuentan entonces los tratamientos que parten de esa supuesta evidencia? Este libro presenta, por un lado, un estudio riguroso sobre el estado actual de las investigaciones cient\u00edficas serias en el campo del autismo. Y, por el otro, los beneficios que el recurso a la evidencia cient\u00edfica ha reportado a lo que se ha convenido denominar el mercado del autismo. Las promesas de tratamientos \u00fanicos, explicaciones causales o nuevos f\u00e1rmacos no se concretan y falsean las esperanzas de familias, escuelas y centros de atenci\u00f3n. Debemos preguntarnos cu\u00e1les son los resultados de la evidencia en relaci\u00f3n con los retos que el autismo nos plantea como sociedad.<\/p>\n","protected":false},"excerpt":{"rendered":"<p>Iv\u00e1n Ruiz (compilador)<\/p>\n","protected":false},"featured_media":3566,"template":"","meta":{"_joinchat":[]},"product_brand":[],"product_cat":[41],"product_tag":[48],"class_list":{"0":"post-3565","1":"product","2":"type-product","3":"status-publish","4":"has-post-thumbnail","6":"product_cat-desarrollo-humano","7":"product_tag-vr-editoras","9":"first","10":"outofstock","11":"shipping-taxable","12":"purchasable","13":"product-type-simple"},"_links":{"self":[{"href":"https:\/\/libreriahistoriasdebolsillo.com\/index.php\/wp-json\/wp\/v2\/product\/3565","targetHints":{"allow":["GET"]}}],"collection":[{"href":"https:\/\/libreriahistoriasdebolsillo.com\/index.php\/wp-json\/wp\/v2\/product"}],"about":[{"href":"https:\/\/libreriahistoriasdebolsillo.com\/index.php\/wp-json\/wp\/v2\/types\/product"}],"wp:featuredmedia":[{"embeddable":true,"href":"https:\/\/libreriahistoriasdebolsillo.com\/index.php\/wp-json\/wp\/v2\/media\/3566"}],"wp:attachment":[{"href":"https:\/\/libreriahistoriasdebolsillo.com\/index.php\/wp-json\/wp\/v2\/media?parent=3565"}],"wp:term":[{"taxonomy":"product_brand","embeddable":true,"href":"https:\/\/libreriahistoriasdebolsillo.com\/index.php\/wp-json\/wp\/v2\/product_brand?post=3565"},{"taxonomy":"product_cat","embeddable":true,"href":"https:\/\/libreriahistoriasdebolsillo.com\/index.php\/wp-json\/wp\/v2\/product_cat?post=3565"},{"taxonomy":"product_tag","embeddable":true,"href":"https:\/\/libreriahistoriasdebolsillo.com\/index.php\/wp-json\/wp\/v2\/product_tag?post=3565"}],"curies":[{"name":"wp","href":"https:\/\/api.w.org\/{rel}","templated":true}]}}