{"id":3568,"date":"2024-01-26T15:48:14","date_gmt":"2024-01-26T21:48:14","guid":{"rendered":"https:\/\/libreriahistoriasdebolsillo.com\/?post_type=product&#038;p=3568"},"modified":"2025-02-14T18:23:35","modified_gmt":"2025-02-15T00:23:35","slug":"el-gran-libro-del-te-pasta-dura","status":"publish","type":"product","link":"https:\/\/libreriahistoriasdebolsillo.com\/index.php\/producto\/el-gran-libro-del-te-pasta-dura\/","title":{"rendered":"El gran libro del t\u00e9 (Pasta dura)"},"content":{"rendered":"<p>Despu\u00e9s del agua, el t\u00e9 es la bebida m\u00e1s consumida en el mundo. Este libro concede la importancia que merece a esta infusi\u00f3n y, de forma gr\u00e1fica y amena, proporciona una visi\u00f3n global del producto, como planta y como elemento cultural. En \u00e9l se ofrece el contexto hist\u00f3rico y geogr\u00e1fico del t\u00e9, se describen sus propiedades y se explica c\u00f3mo se obtienen las distintas variedades. Adem\u00e1s, tambi\u00e9n se describen los \u00fatiles, los usos y los rituales que acompa\u00f1an su consumo. Y culmina la obra una completa gu\u00eda de las distintas variedades, organizada en fichas de f\u00e1cil consulta.<\/p>\n","protected":false},"excerpt":{"rendered":"<p>Carme Escales y Dolors Massot<\/p>\n","protected":false},"featured_media":3569,"template":"","meta":{"_joinchat":[]},"product_brand":[],"product_cat":[62,41],"product_tag":[48],"class_list":{"0":"post-3568","1":"product","2":"type-product","3":"status-publish","4":"has-post-thumbnail","6":"product_cat-cocina","7":"product_cat-desarrollo-humano","8":"product_tag-vr-editoras","10":"first","11":"outofstock","12":"shipping-taxable","13":"purchasable","14":"product-type-simple"},"_links":{"self":[{"href":"https:\/\/libreriahistoriasdebolsillo.com\/index.php\/wp-json\/wp\/v2\/product\/3568","targetHints":{"allow":["GET"]}}],"collection":[{"href":"https:\/\/libreriahistoriasdebolsillo.com\/index.php\/wp-json\/wp\/v2\/product"}],"about":[{"href":"https:\/\/libreriahistoriasdebolsillo.com\/index.php\/wp-json\/wp\/v2\/types\/product"}],"wp:featuredmedia":[{"embeddable":true,"href":"https:\/\/libreriahistoriasdebolsillo.com\/index.php\/wp-json\/wp\/v2\/media\/3569"}],"wp:attachment":[{"href":"https:\/\/libreriahistoriasdebolsillo.com\/index.php\/wp-json\/wp\/v2\/media?parent=3568"}],"wp:term":[{"taxonomy":"product_brand","embeddable":true,"href":"https:\/\/libreriahistoriasdebolsillo.com\/index.php\/wp-json\/wp\/v2\/product_brand?post=3568"},{"taxonomy":"product_cat","embeddable":true,"href":"https:\/\/libreriahistoriasdebolsillo.com\/index.php\/wp-json\/wp\/v2\/product_cat?post=3568"},{"taxonomy":"product_tag","embeddable":true,"href":"https:\/\/libreriahistoriasdebolsillo.com\/index.php\/wp-json\/wp\/v2\/product_tag?post=3568"}],"curies":[{"name":"wp","href":"https:\/\/api.w.org\/{rel}","templated":true}]}}