{"id":3594,"date":"2024-02-09T15:41:30","date_gmt":"2024-02-09T21:41:30","guid":{"rendered":"https:\/\/libreriahistoriasdebolsillo.com\/?post_type=product&#038;p=3594"},"modified":"2025-11-26T18:08:08","modified_gmt":"2025-11-27T00:08:08","slug":"el-rumor","status":"publish","type":"product","link":"https:\/\/libreriahistoriasdebolsillo.com\/index.php\/producto\/el-rumor\/","title":{"rendered":"El rumor"},"content":{"rendered":"<p><b>Tras<\/b><i><b>\u00a0El instinto<\/b><\/i><b>,<\/b><i><b>\u00a0bestseller<\/b><\/i><b>\u00a0internacional y \u00abboom editorial\u00bb (<\/b><i><b>El Pa\u00eds<\/b><\/i><b>), la reina del suspense psicol\u00f3gico vuelve con un thriller que \u00abno se olvida f\u00e1cilmente\u00bb (<\/b><i><b>Publishers<\/b><\/i>\u00a0<i><b>Weekly<\/b><\/i><b>).<\/b><\/p>\n<p>El verano se acerca a su fin y Whitney y Jacob han organizado una barbacoa para sus vecinos, a la que asisten Blair, la mejor amiga de Whitney, con su marido e hija; y Rebecca y Ben, una pareja sin hijos. Mientras la anfitriona se divide entre su trabajo, la necesidad de atender a sus invitados y su incontrolable hijo Xavier, la anciana Mara, que ha preferido no asistir al evento, observa la fiesta desde su jard\u00edn, buscando los peque\u00f1os aviones de papel que Xavier le lanza desde su ventana por las noches. Cuando la madre pierde los nervios con el ni\u00f1o, todos optan por no darle importancia, una decisi\u00f3n que tendr\u00e1n que revisar cuando, una madrugada meses m\u00e1s tarde, el peque\u00f1o caiga misteriosamente desde su ventana.<\/p>\n<p>Mientras Xavier lucha por su vida, las mujeres de la calle Harlow se enfrentan a un dilema: continuar como si nada hubiera pasado o hacer caso por fin al rumor de su intuici\u00f3n, que destapar\u00e1 secretos que ninguna quer\u00eda afrontar.<\/p>\n<p>Ashley Audrain vuelve con una exploraci\u00f3n de la amistad femenina, la envidia, los deseos potenciados y acallados por la maternidad y la inexorabilidad de la propia intuici\u00f3n en un thriller estremecedor de lectura urgente.<\/p>\n","protected":false},"excerpt":{"rendered":"<p>Ashley Audrain<\/p>\n","protected":false},"featured_media":3595,"template":"","meta":{"_joinchat":[]},"product_brand":[],"product_cat":[37],"product_tag":[34],"class_list":{"0":"post-3594","1":"product","2":"type-product","3":"status-publish","4":"has-post-thumbnail","6":"product_cat-misterio-y-thriller","7":"product_tag-penguin-random-house","9":"first","10":"outofstock","11":"shipping-taxable","12":"purchasable","13":"product-type-simple"},"_links":{"self":[{"href":"https:\/\/libreriahistoriasdebolsillo.com\/index.php\/wp-json\/wp\/v2\/product\/3594","targetHints":{"allow":["GET"]}}],"collection":[{"href":"https:\/\/libreriahistoriasdebolsillo.com\/index.php\/wp-json\/wp\/v2\/product"}],"about":[{"href":"https:\/\/libreriahistoriasdebolsillo.com\/index.php\/wp-json\/wp\/v2\/types\/product"}],"wp:featuredmedia":[{"embeddable":true,"href":"https:\/\/libreriahistoriasdebolsillo.com\/index.php\/wp-json\/wp\/v2\/media\/3595"}],"wp:attachment":[{"href":"https:\/\/libreriahistoriasdebolsillo.com\/index.php\/wp-json\/wp\/v2\/media?parent=3594"}],"wp:term":[{"taxonomy":"product_brand","embeddable":true,"href":"https:\/\/libreriahistoriasdebolsillo.com\/index.php\/wp-json\/wp\/v2\/product_brand?post=3594"},{"taxonomy":"product_cat","embeddable":true,"href":"https:\/\/libreriahistoriasdebolsillo.com\/index.php\/wp-json\/wp\/v2\/product_cat?post=3594"},{"taxonomy":"product_tag","embeddable":true,"href":"https:\/\/libreriahistoriasdebolsillo.com\/index.php\/wp-json\/wp\/v2\/product_tag?post=3594"}],"curies":[{"name":"wp","href":"https:\/\/api.w.org\/{rel}","templated":true}]}}