{"id":3604,"date":"2024-02-09T16:02:59","date_gmt":"2024-02-09T22:02:59","guid":{"rendered":"https:\/\/libreriahistoriasdebolsillo.com\/?post_type=product&#038;p=3604"},"modified":"2026-03-10T15:35:45","modified_gmt":"2026-03-10T21:35:45","slug":"el-elevador-de-central-park","status":"publish","type":"product","link":"https:\/\/libreriahistoriasdebolsillo.com\/index.php\/producto\/el-elevador-de-central-park\/","title":{"rendered":"El elevador de Central Park"},"content":{"rendered":"<p><b>\u00a1Lo que un ascensor ha unido que no lo separe nadie! Una divertid\u00edsima comedia rom\u00e1ntica<\/b>\u00a0<b>llena de enredos,<\/b>\u00a0<i><b>plot twists<\/b><\/i><b>\u00a0y<\/b>\u00a0<i><b>enemies<\/b><\/i>\u00a0<i><b>to<\/b><\/i>\u00a0<i><b>lovers<\/b><\/i>\u00a0<b>de Ludmila Ramis, nueva estrella de Wattpad.<\/b><\/p>\n<p><i>\u00bfCu\u00e1l es el mejor lugar para trazar un plan de espionaje?<\/i><\/p>\n<p>El malhumorado Xiant Silver no tiene nada en com\u00fan con la impulsiva Preswen Ellis.<\/p>\n<p>O tal vez s\u00ed.<\/p>\n<p>Cuando se quedan atascados en el elevador del lujoso edificio Obsidiana, una r\u00e1pida enemistad se forma entre ellos. Sin embargo, esa extra\u00f1a coincidencia los obliga a trabajar en equipo para resolver un misterio que podr\u00eda cambiar la vida de ambos para siempre.<\/p>\n<p>Si quieren tener \u00e9xito, deber\u00e1n aprender a lidiar con sus diferencias y, en ese camino, quiz\u00e1s descubran que muchas veces aquello que rechazamos es exactamente lo que mejor nos complementa.<\/p>\n","protected":false},"excerpt":{"rendered":"<p>Ludmila Ramis<\/p>\n","protected":false},"featured_media":3605,"template":"","meta":{"_joinchat":[]},"product_brand":[],"product_cat":[52,51],"product_tag":[34,57],"class_list":{"0":"post-3604","1":"product","2":"type-product","3":"status-publish","4":"has-post-thumbnail","6":"product_cat-juvenil","7":"product_cat-oferta","8":"product_tag-penguin-random-house","9":"product_tag-wattpad","11":"first","12":"instock","13":"sale","14":"shipping-taxable","15":"purchasable","16":"product-type-simple"},"_links":{"self":[{"href":"https:\/\/libreriahistoriasdebolsillo.com\/index.php\/wp-json\/wp\/v2\/product\/3604","targetHints":{"allow":["GET"]}}],"collection":[{"href":"https:\/\/libreriahistoriasdebolsillo.com\/index.php\/wp-json\/wp\/v2\/product"}],"about":[{"href":"https:\/\/libreriahistoriasdebolsillo.com\/index.php\/wp-json\/wp\/v2\/types\/product"}],"wp:featuredmedia":[{"embeddable":true,"href":"https:\/\/libreriahistoriasdebolsillo.com\/index.php\/wp-json\/wp\/v2\/media\/3605"}],"wp:attachment":[{"href":"https:\/\/libreriahistoriasdebolsillo.com\/index.php\/wp-json\/wp\/v2\/media?parent=3604"}],"wp:term":[{"taxonomy":"product_brand","embeddable":true,"href":"https:\/\/libreriahistoriasdebolsillo.com\/index.php\/wp-json\/wp\/v2\/product_brand?post=3604"},{"taxonomy":"product_cat","embeddable":true,"href":"https:\/\/libreriahistoriasdebolsillo.com\/index.php\/wp-json\/wp\/v2\/product_cat?post=3604"},{"taxonomy":"product_tag","embeddable":true,"href":"https:\/\/libreriahistoriasdebolsillo.com\/index.php\/wp-json\/wp\/v2\/product_tag?post=3604"}],"curies":[{"name":"wp","href":"https:\/\/api.w.org\/{rel}","templated":true}]}}