{"id":3606,"date":"2024-02-09T16:07:17","date_gmt":"2024-02-09T22:07:17","guid":{"rendered":"https:\/\/libreriahistoriasdebolsillo.com\/?post_type=product&#038;p=3606"},"modified":"2025-11-26T18:08:45","modified_gmt":"2025-11-27T00:08:45","slug":"ciclo-el-legado-5-murtagh","status":"publish","type":"product","link":"https:\/\/libreriahistoriasdebolsillo.com\/index.php\/producto\/ciclo-el-legado-5-murtagh\/","title":{"rendered":"Ciclo el legado 5. Murtagh"},"content":{"rendered":"<p><b>El maestro narrador y autor de bestsellers internacionales Christopher Paolini regresa al Mundo de Eragon en esta impresionante fantas\u00eda \u00e9pica ambientada un a\u00f1o despu\u00e9s de los eventos del \u00abCiclo El Legado\u00bb.<\/b><\/p>\n<p><b>Un jinete de dragones&#8230;<\/b><br \/>\n<b>Una bruja misteriosa&#8230;<\/b><br \/>\n<b>Una nueva aventura aguarda.<\/b><\/p>\n<p><i>\u00a1\u00danete a Murtagh y su drag\u00f3n mientras se enfrentan a un nuevo y peligroso enemigo!<\/i><\/p>\n<p>El mundo ya no es un lugar seguro para Murtagh y su drag\u00f3n, Espina. Un rey malvado ha sido derrocado y deben enfrentar las consecuencias del papel reacio que desempe\u00f1aron en su reinado de terror. Ahora son odiados y est\u00e1n solos, exiliados a las afueras de la sociedad.<\/p>\n<p>Por todos los territorios, voces apagadas susurran sobre tierra quebradiza y un leve olor a azufre en el aire, y Murtagh siente que algo malvado acecha en las sombras de Alaga\u00ebsia. As\u00ed comienza un viaje \u00e9pico a tierras tanto familiares como desconocidas, donde Murtagh y Espina deber\u00e1n usar todas las armas de su arsenal, desde el ingenio hasta la fuerza f\u00edsica, para encontrar y burlar a una misteriosa bruja. Una bruja que es mucho m\u00e1s de lo que parece.<\/p>\n<p>En esta apasionante novela protagonizada por uno de los personajes m\u00e1s populares de la maravillosa serie de Christopher Paolini, un Jinete de Drag\u00f3n debe descubrir lo que representa en un mundo que lo ha abandonado.\u00a0<i>Murtagh\u00a0<\/i>es el libro perfecto para adentrarse en el Mundo de Eragon por primera vez&#8230; o volver alegremente.<\/p>\n","protected":false},"excerpt":{"rendered":"<p>Christopher Paolini<\/p>\n","protected":false},"featured_media":3607,"template":"","meta":{"_joinchat":[]},"product_brand":[],"product_cat":[39],"product_tag":[34],"class_list":{"0":"post-3606","1":"product","2":"type-product","3":"status-publish","4":"has-post-thumbnail","6":"product_cat-fantasia","7":"product_tag-penguin-random-house","9":"first","10":"outofstock","11":"shipping-taxable","12":"purchasable","13":"product-type-simple"},"_links":{"self":[{"href":"https:\/\/libreriahistoriasdebolsillo.com\/index.php\/wp-json\/wp\/v2\/product\/3606","targetHints":{"allow":["GET"]}}],"collection":[{"href":"https:\/\/libreriahistoriasdebolsillo.com\/index.php\/wp-json\/wp\/v2\/product"}],"about":[{"href":"https:\/\/libreriahistoriasdebolsillo.com\/index.php\/wp-json\/wp\/v2\/types\/product"}],"wp:featuredmedia":[{"embeddable":true,"href":"https:\/\/libreriahistoriasdebolsillo.com\/index.php\/wp-json\/wp\/v2\/media\/3607"}],"wp:attachment":[{"href":"https:\/\/libreriahistoriasdebolsillo.com\/index.php\/wp-json\/wp\/v2\/media?parent=3606"}],"wp:term":[{"taxonomy":"product_brand","embeddable":true,"href":"https:\/\/libreriahistoriasdebolsillo.com\/index.php\/wp-json\/wp\/v2\/product_brand?post=3606"},{"taxonomy":"product_cat","embeddable":true,"href":"https:\/\/libreriahistoriasdebolsillo.com\/index.php\/wp-json\/wp\/v2\/product_cat?post=3606"},{"taxonomy":"product_tag","embeddable":true,"href":"https:\/\/libreriahistoriasdebolsillo.com\/index.php\/wp-json\/wp\/v2\/product_tag?post=3606"}],"curies":[{"name":"wp","href":"https:\/\/api.w.org\/{rel}","templated":true}]}}