{"id":3610,"date":"2024-02-09T16:22:26","date_gmt":"2024-02-09T22:22:26","guid":{"rendered":"https:\/\/libreriahistoriasdebolsillo.com\/?post_type=product&#038;p=3610"},"modified":"2025-11-26T18:08:55","modified_gmt":"2025-11-27T00:08:55","slug":"escapada-a-roma","status":"publish","type":"product","link":"https:\/\/libreriahistoriasdebolsillo.com\/index.php\/producto\/escapada-a-roma\/","title":{"rendered":"Escapada a Roma"},"content":{"rendered":"<p><b>Una estrella del pop y el repostero m\u00e1s gru\u00f1\u00f3n de un pueblo peque\u00f1o descubren hasta qu\u00e9 punto los opuestos se atraen en la deliciosa nueva comedia rom\u00e1ntica de la autora de\u00a0<\/b><i><b>Las reglas del juego<\/b><\/i><b>.<\/b><\/p>\n<p>Amelia Rose, m\u00e1s conocida como Rae Rose por sus fans, est\u00e1 cansada de ser la princesa del pop. As\u00ed que, inspirada por su peli favorita de Audrey Hepburn,\u00a0<i>Vacaciones en Roma<\/i>, conduce durante horas para llegar a Roma\u2026, la de Kentucky, claro.<\/p>\n<p>Cuando Noah Walker se encuentra a la cantante frente a su casa con el coche averiado, le deja claro que no puede ayudarla, porque bastante tiene con sacar adelante la pasteler\u00eda que le ha dejado su abuela y mantener a raya a los cotillas de sus vecinos. No obstante, en contra de su buen juicio, permite que Rae Rose se quede en la habitaci\u00f3n de invitados hasta que pueda largarse.<\/p>\n<p>Sin embargo, poco a poco Noah descubre que detr\u00e1s de la fachada de fama de Rae Rose est\u00e1 Amelia, una mujer irresistible y aut\u00e9ntica por la que no puede evitar sentirse atra\u00eddo.<\/p>\n<p>Amelia no tarda en dejarse seducir por el encanto de Roma y por su hura\u00f1o anfitri\u00f3n\u2026, pero, aunque su coraz\u00f3n se siente como en casa por primera vez en mucho tiempo, incluso Audrey tuvo que volver a casa al final de la pel\u00edcula. \u00bfO no?<\/p>\n","protected":false},"excerpt":{"rendered":"<p>Sarah Adams<\/p>\n","protected":false},"featured_media":3611,"template":"","meta":{"_joinchat":[]},"product_brand":[],"product_cat":[35],"product_tag":[34],"class_list":{"0":"post-3610","1":"product","2":"type-product","3":"status-publish","4":"has-post-thumbnail","6":"product_cat-romantica","7":"product_tag-penguin-random-house","9":"first","10":"outofstock","11":"shipping-taxable","12":"purchasable","13":"product-type-simple"},"_links":{"self":[{"href":"https:\/\/libreriahistoriasdebolsillo.com\/index.php\/wp-json\/wp\/v2\/product\/3610","targetHints":{"allow":["GET"]}}],"collection":[{"href":"https:\/\/libreriahistoriasdebolsillo.com\/index.php\/wp-json\/wp\/v2\/product"}],"about":[{"href":"https:\/\/libreriahistoriasdebolsillo.com\/index.php\/wp-json\/wp\/v2\/types\/product"}],"wp:featuredmedia":[{"embeddable":true,"href":"https:\/\/libreriahistoriasdebolsillo.com\/index.php\/wp-json\/wp\/v2\/media\/3611"}],"wp:attachment":[{"href":"https:\/\/libreriahistoriasdebolsillo.com\/index.php\/wp-json\/wp\/v2\/media?parent=3610"}],"wp:term":[{"taxonomy":"product_brand","embeddable":true,"href":"https:\/\/libreriahistoriasdebolsillo.com\/index.php\/wp-json\/wp\/v2\/product_brand?post=3610"},{"taxonomy":"product_cat","embeddable":true,"href":"https:\/\/libreriahistoriasdebolsillo.com\/index.php\/wp-json\/wp\/v2\/product_cat?post=3610"},{"taxonomy":"product_tag","embeddable":true,"href":"https:\/\/libreriahistoriasdebolsillo.com\/index.php\/wp-json\/wp\/v2\/product_tag?post=3610"}],"curies":[{"name":"wp","href":"https:\/\/api.w.org\/{rel}","templated":true}]}}