{"id":3614,"date":"2024-02-09T16:28:51","date_gmt":"2024-02-09T22:28:51","guid":{"rendered":"https:\/\/libreriahistoriasdebolsillo.com\/?post_type=product&#038;p=3614"},"modified":"2026-04-17T16:22:04","modified_gmt":"2026-04-17T22:22:04","slug":"mistborn-3-el-heroe-de-las-eras","status":"publish","type":"product","link":"https:\/\/libreriahistoriasdebolsillo.com\/index.php\/producto\/mistborn-3-el-heroe-de-las-eras\/","title":{"rendered":"Mistborn 3. El h\u00e9roe de las eras"},"content":{"rendered":"<p><b>EL APASIONANTE CIERRE<\/b>\u00a0<b>DE LA TRILOG\u00cdA MISTBORN.<\/b><\/p>\n<p>Vin cumpli\u00f3 la profec\u00eda y\u00a0<b>liber\u00f3<\/b>\u00a0el poder acumulado en el\u00a0<b>Pozo de la<\/b>\u00a0<b>Ascensi\u00f3n<\/b>. Sin embargo, todo result\u00f3 ser una trampa, y ahora el ser divino llamado\u00a0<b>Ruina<\/b>\u00a0campa a sus anchas por el mundo decidido a arrasarlo con terremotos y r\u00edos de fuego.<\/p>\n<p>Tras haber esquivado la\u00a0<b>muerte<\/b>\u00a0convirti\u00e9ndose en un nacido de la bruma, el emperador\u00a0<b>Elend<\/b><b>\u00a0Venture<\/b>\u00a0conf\u00eda en quelas pistas que dej\u00f3 el lord Legislador les sirvan para contraatacar. Las profec\u00edas hablan de un h\u00e9roe, pero \u00bfno estaban corrompidas? Vin deber\u00e1 desenmara\u00f1ar la verdad para compensar su error. Solo as\u00ed llegar\u00e1 a ser el H\u00e9roe de las Eras antes de que Ruina aniquile toda la vida sobre el planeta.<\/p>\n","protected":false},"excerpt":{"rendered":"<p>Brandon Sanderson<\/p>\n","protected":false},"featured_media":3615,"template":"","meta":{"_joinchat":[]},"product_brand":[],"product_cat":[39],"product_tag":[34],"class_list":{"0":"post-3614","1":"product","2":"type-product","3":"status-publish","4":"has-post-thumbnail","6":"product_cat-fantasia","7":"product_tag-penguin-random-house","9":"first","10":"outofstock","11":"shipping-taxable","12":"purchasable","13":"product-type-simple"},"_links":{"self":[{"href":"https:\/\/libreriahistoriasdebolsillo.com\/index.php\/wp-json\/wp\/v2\/product\/3614","targetHints":{"allow":["GET"]}}],"collection":[{"href":"https:\/\/libreriahistoriasdebolsillo.com\/index.php\/wp-json\/wp\/v2\/product"}],"about":[{"href":"https:\/\/libreriahistoriasdebolsillo.com\/index.php\/wp-json\/wp\/v2\/types\/product"}],"wp:featuredmedia":[{"embeddable":true,"href":"https:\/\/libreriahistoriasdebolsillo.com\/index.php\/wp-json\/wp\/v2\/media\/3615"}],"wp:attachment":[{"href":"https:\/\/libreriahistoriasdebolsillo.com\/index.php\/wp-json\/wp\/v2\/media?parent=3614"}],"wp:term":[{"taxonomy":"product_brand","embeddable":true,"href":"https:\/\/libreriahistoriasdebolsillo.com\/index.php\/wp-json\/wp\/v2\/product_brand?post=3614"},{"taxonomy":"product_cat","embeddable":true,"href":"https:\/\/libreriahistoriasdebolsillo.com\/index.php\/wp-json\/wp\/v2\/product_cat?post=3614"},{"taxonomy":"product_tag","embeddable":true,"href":"https:\/\/libreriahistoriasdebolsillo.com\/index.php\/wp-json\/wp\/v2\/product_tag?post=3614"}],"curies":[{"name":"wp","href":"https:\/\/api.w.org\/{rel}","templated":true}]}}