{"id":3616,"date":"2024-02-09T16:57:10","date_gmt":"2024-02-09T22:57:10","guid":{"rendered":"https:\/\/libreriahistoriasdebolsillo.com\/?post_type=product&#038;p=3616"},"modified":"2024-04-23T18:47:04","modified_gmt":"2024-04-24T00:47:04","slug":"el-club-de-los-psicopatas-ed-bolsillo","status":"publish","type":"product","link":"https:\/\/libreriahistoriasdebolsillo.com\/index.php\/producto\/el-club-de-los-psicopatas-ed-bolsillo\/","title":{"rendered":"El club de los psic\u00f3patas (Ed. bolsillo)"},"content":{"rendered":"<p><b>El maestro del thriller nos mantiene en vilo con esta oscura novela de acci\u00f3n sobre el enfrentamiento mortal entre un grupo de psic\u00f3patas y dos adolescentes.<\/b><\/p>\n<p>Alpha, Bravo, Charlie, Delta y Easy se hacen llamar los Muchachos de Jack, en honor a Jack el Destripador. Entre ellos no se conocen m\u00e1s que por un chat en la Dark Web donde comparten su verdadera pasi\u00f3n: ser artistas del asesinato. Cuando Connor y Nikki violan la intimidad de su chat, la furia de estos psic\u00f3patas no hace m\u00e1s que comenzar y no se detendr\u00e1n ante nada. Con una inteligencia feroz, los Muchachos de Jack planean como venganza la muerte de los dos adolescentes junto con sus familias. Sin embargo, Connor y Niki no soncomo el resto de las v\u00edctimas de estos asesinos seriales. La pesadilla comienza y solo hay dos opciones: dejarse cazar o sobrevivir.<\/p>\n","protected":false},"excerpt":{"rendered":"<p>John Katzenbach<\/p>\n","protected":false},"featured_media":3617,"template":"","meta":{"_joinchat":[]},"product_brand":[],"product_cat":[37],"product_tag":[34],"class_list":{"0":"post-3616","1":"product","2":"type-product","3":"status-publish","4":"has-post-thumbnail","6":"product_cat-misterio-y-thriller","7":"product_tag-penguin-random-house","9":"first","10":"outofstock","11":"shipping-taxable","12":"purchasable","13":"product-type-simple"},"_links":{"self":[{"href":"https:\/\/libreriahistoriasdebolsillo.com\/index.php\/wp-json\/wp\/v2\/product\/3616","targetHints":{"allow":["GET"]}}],"collection":[{"href":"https:\/\/libreriahistoriasdebolsillo.com\/index.php\/wp-json\/wp\/v2\/product"}],"about":[{"href":"https:\/\/libreriahistoriasdebolsillo.com\/index.php\/wp-json\/wp\/v2\/types\/product"}],"wp:featuredmedia":[{"embeddable":true,"href":"https:\/\/libreriahistoriasdebolsillo.com\/index.php\/wp-json\/wp\/v2\/media\/3617"}],"wp:attachment":[{"href":"https:\/\/libreriahistoriasdebolsillo.com\/index.php\/wp-json\/wp\/v2\/media?parent=3616"}],"wp:term":[{"taxonomy":"product_brand","embeddable":true,"href":"https:\/\/libreriahistoriasdebolsillo.com\/index.php\/wp-json\/wp\/v2\/product_brand?post=3616"},{"taxonomy":"product_cat","embeddable":true,"href":"https:\/\/libreriahistoriasdebolsillo.com\/index.php\/wp-json\/wp\/v2\/product_cat?post=3616"},{"taxonomy":"product_tag","embeddable":true,"href":"https:\/\/libreriahistoriasdebolsillo.com\/index.php\/wp-json\/wp\/v2\/product_tag?post=3616"}],"curies":[{"name":"wp","href":"https:\/\/api.w.org\/{rel}","templated":true}]}}