{"id":3618,"date":"2024-02-09T17:25:08","date_gmt":"2024-02-09T23:25:08","guid":{"rendered":"https:\/\/libreriahistoriasdebolsillo.com\/?post_type=product&#038;p=3618"},"modified":"2024-03-09T18:46:45","modified_gmt":"2024-03-10T00:46:45","slug":"te-regalare-las-estrellas","status":"publish","type":"product","link":"https:\/\/libreriahistoriasdebolsillo.com\/index.php\/producto\/te-regalare-las-estrellas\/","title":{"rendered":"Te regalar\u00e9 las estrellas"},"content":{"rendered":"<p><b>Por la autora de\u00a0<i>Yo antes de ti,<\/i>\u00a0una fabulosa historia sobre cinco extraordinarias mujeres que intentan cambiar su mundo con el poder de los libros.<\/b><\/p>\n<p>Inspirada por la sed de aventuras y el deseo de abandonar la monoton\u00eda de Inglaterra, Alice Wright se enamora de un atractivo americano y toma la impulsiva decisi\u00f3n de aceptar su propuesta de matrimonio.<\/p>\n<p>Pero su nueva vida en la peque\u00f1a y conservadora ciudad minera de Kentucky en la que Alice se instala con su marido y su autoritario suegro en medio de la Gran Depresi\u00f3n resulta a\u00fan m\u00e1s claustrof\u00f3bica. Hasta que conoce a Margery O&#8217;Hare. Independiente y deslenguada, Margery no ha pedido el permiso de un hombre para nada en toda su vida y ahora se ha propuesto llevar el milagro de los libros hasta el \u00faltimo rinc\u00f3n de la regi\u00f3n.<\/p>\n<p>A caballo, atravesando monta\u00f1as y bosques salvajes, y a menudo luchando contra el prejuicio y la ignorancia, Alice, Margery y sus compa\u00f1eras se convertir\u00e1n en bibliotecarias itinerantes al tiempo que descubren la libertad, la amistad, el amor y una vida que por fin les pertenece.<\/p>\n","protected":false},"excerpt":{"rendered":"<p>Jojo Moyes<\/p>\n","protected":false},"featured_media":3619,"template":"","meta":{"_joinchat":[]},"product_brand":[],"product_cat":[51,35],"product_tag":[34],"class_list":{"0":"post-3618","1":"product","2":"type-product","3":"status-publish","4":"has-post-thumbnail","6":"product_cat-oferta","7":"product_cat-romantica","8":"product_tag-penguin-random-house","10":"first","11":"outofstock","12":"shipping-taxable","13":"purchasable","14":"product-type-simple"},"_links":{"self":[{"href":"https:\/\/libreriahistoriasdebolsillo.com\/index.php\/wp-json\/wp\/v2\/product\/3618","targetHints":{"allow":["GET"]}}],"collection":[{"href":"https:\/\/libreriahistoriasdebolsillo.com\/index.php\/wp-json\/wp\/v2\/product"}],"about":[{"href":"https:\/\/libreriahistoriasdebolsillo.com\/index.php\/wp-json\/wp\/v2\/types\/product"}],"wp:featuredmedia":[{"embeddable":true,"href":"https:\/\/libreriahistoriasdebolsillo.com\/index.php\/wp-json\/wp\/v2\/media\/3619"}],"wp:attachment":[{"href":"https:\/\/libreriahistoriasdebolsillo.com\/index.php\/wp-json\/wp\/v2\/media?parent=3618"}],"wp:term":[{"taxonomy":"product_brand","embeddable":true,"href":"https:\/\/libreriahistoriasdebolsillo.com\/index.php\/wp-json\/wp\/v2\/product_brand?post=3618"},{"taxonomy":"product_cat","embeddable":true,"href":"https:\/\/libreriahistoriasdebolsillo.com\/index.php\/wp-json\/wp\/v2\/product_cat?post=3618"},{"taxonomy":"product_tag","embeddable":true,"href":"https:\/\/libreriahistoriasdebolsillo.com\/index.php\/wp-json\/wp\/v2\/product_tag?post=3618"}],"curies":[{"name":"wp","href":"https:\/\/api.w.org\/{rel}","templated":true}]}}