{"id":3620,"date":"2024-02-09T17:28:25","date_gmt":"2024-02-09T23:28:25","guid":{"rendered":"https:\/\/libreriahistoriasdebolsillo.com\/?post_type=product&#038;p=3620"},"modified":"2025-10-23T12:42:47","modified_gmt":"2025-10-23T18:42:47","slug":"por-el-placer-de-vivir","status":"publish","type":"product","link":"https:\/\/libreriahistoriasdebolsillo.com\/index.php\/producto\/por-el-placer-de-vivir\/","title":{"rendered":"Por el placer de vivir"},"content":{"rendered":"<p><b>El Dr. C\u00e9sar Lozano motiva a sus lectores a ser felices y disfrutar de la vida, a trav\u00e9s de sus consejos y su estilo ameno.<\/b><\/p>\n<p><b>Libro bestseller del Dr. C\u00e9sar Lozano, autor que ha motivado a m\u00e1s de 20 millones de personas en el mundo.<\/b><\/p>\n<p><b>Supera el fracaso, s\u00e9 positivo, sonr\u00ede, emoci\u00f3nate y encuentra la verdadera felicidad.<\/b><\/p>\n<p>El experto en motivaci\u00f3n y desarrollo personal\u00a0<b>C\u00e9sar Lozano<\/b>\u00a0ha decidido compartir con los lectores conceptos, estrategias y vivencias con los que aprender a disfrutar del verdadero placer de vivir.<\/p>\n<p>Con la lectura de este libro y gracias a su estilo ameno y evocador, descubrir\u00e1s la importancia de vivir cada momento con intensidad y de abandonar la rutina como estilo de vida; conocer\u00e1s las mejores opciones para controlar, y evitar, la ira, las razones m\u00e1s contundentes para hacer del perd\u00f3n un principio fundamental de vida y las t\u00e9cnicas m\u00e1s adecuadas para dejar de preocuparte por lo que no depende de ti.<\/p>\n<p>El prop\u00f3sito de C\u00e9sar Lozano es ofrecerte una maravillosa invitaci\u00f3n para que te convenzas de que s\u00ed se puede ser feliz aun con las adversidades; impulsarte a lograr tus metas y a emocionarte de igual modo con el vuelo de una mariposa que con un atardecer o una caricia, s\u00f3lo\u00a0<i>Por el placer de vivir<\/i>.<\/p>\n","protected":false},"excerpt":{"rendered":"<p>Cesar Lozano<\/p>\n","protected":false},"featured_media":3621,"template":"","meta":{"_joinchat":[]},"product_brand":[],"product_cat":[58,41],"product_tag":[34],"class_list":{"0":"post-3620","1":"product","2":"type-product","3":"status-publish","4":"has-post-thumbnail","6":"product_cat-desarrollo-humano-y-superacion","7":"product_cat-desarrollo-humano","8":"product_tag-penguin-random-house","10":"first","11":"outofstock","12":"shipping-taxable","13":"purchasable","14":"product-type-simple"},"_links":{"self":[{"href":"https:\/\/libreriahistoriasdebolsillo.com\/index.php\/wp-json\/wp\/v2\/product\/3620","targetHints":{"allow":["GET"]}}],"collection":[{"href":"https:\/\/libreriahistoriasdebolsillo.com\/index.php\/wp-json\/wp\/v2\/product"}],"about":[{"href":"https:\/\/libreriahistoriasdebolsillo.com\/index.php\/wp-json\/wp\/v2\/types\/product"}],"wp:featuredmedia":[{"embeddable":true,"href":"https:\/\/libreriahistoriasdebolsillo.com\/index.php\/wp-json\/wp\/v2\/media\/3621"}],"wp:attachment":[{"href":"https:\/\/libreriahistoriasdebolsillo.com\/index.php\/wp-json\/wp\/v2\/media?parent=3620"}],"wp:term":[{"taxonomy":"product_brand","embeddable":true,"href":"https:\/\/libreriahistoriasdebolsillo.com\/index.php\/wp-json\/wp\/v2\/product_brand?post=3620"},{"taxonomy":"product_cat","embeddable":true,"href":"https:\/\/libreriahistoriasdebolsillo.com\/index.php\/wp-json\/wp\/v2\/product_cat?post=3620"},{"taxonomy":"product_tag","embeddable":true,"href":"https:\/\/libreriahistoriasdebolsillo.com\/index.php\/wp-json\/wp\/v2\/product_tag?post=3620"}],"curies":[{"name":"wp","href":"https:\/\/api.w.org\/{rel}","templated":true}]}}