{"id":3622,"date":"2024-02-09T17:30:51","date_gmt":"2024-02-09T23:30:51","guid":{"rendered":"https:\/\/libreriahistoriasdebolsillo.com\/?post_type=product&#038;p=3622"},"modified":"2024-04-17T13:00:19","modified_gmt":"2024-04-17T19:00:19","slug":"no-te-enganches-todopasa","status":"publish","type":"product","link":"https:\/\/libreriahistoriasdebolsillo.com\/index.php\/producto\/no-te-enganches-todopasa\/","title":{"rendered":"No te enganches #Todopasa"},"content":{"rendered":"<p><b>No te enganches #TodoPasa. Y contrario a lo que pensabas \u00a1lo superaste!<\/b><\/p>\n<p><b>De C\u00e9sar Lozano, autor bestseller de M\u00e9xico, con m\u00e1s de 1,000,000 de libros vendidos.<\/b><\/p>\n<p><b>\u00bfPara qu\u00e9 te complicas la existencia con personas t\u00f3xicas y maestros de la queja? \u00bfPor qu\u00e9 te aferras a los achaques, a la imposible perfecci\u00f3n, a las ofensas que te hicieron en la prehistoria de tu vida y al miedo al fracaso?<\/b><\/p>\n<p><b>No te enganches, sup\u00e9ralo, divi\u00e9rtete y aprende en estas p\u00e1ginas que lo mejor, si lo deseas, siempre est\u00e1 por venir.<\/b><\/p>\n<p>Hay d\u00edas en que los problemas parecen estar esperando a que despertemos para salir. Disgustos, l\u00edos con la familia, de trabajo, en la calle, \u00a1hasta con nuestro querido perro! Y ah\u00ed vamos, bien obedientes, derechito al enojo, a la desesperaci\u00f3n, al resentimiento&#8230; \u00bfNo ser\u00eda mejor reflexionar, tomar las cosas con calma y entender que TODO PASA?<\/p>\n<p>S\u00ed. Para qu\u00e9 engancharnos con las dificultades, los sinsabores cotidianos y los problemas que deber\u00edan estar enterrados. Para qu\u00e9 cargar culpas, tener relaciones destructivas, vivir con enga\u00f1os, mentiras y corajes: \u00a1NO TE ENGANCHES!<\/p>\n<p>En su nuevo libro, el doctor\u00a0<b>C\u00e9sar Lozano<\/b>\u00a0te acerca las herramientas para que vivas tranquilo, feliz y con optimismo, por medio de historias de vida inolvidables, situaciones graciosas que te dejan m\u00e1s de una ense\u00f1anza, valiosos consejos m\u00e9dicos y de desarrollo humano; te confirma que todo pasa, que el dolor es opcional y que la vida, aun con sus contratiempos, es una gran oportunidad para ser felices.<\/p>\n","protected":false},"excerpt":{"rendered":"<p>Cesar Lozano<\/p>\n","protected":false},"featured_media":3623,"template":"","meta":{"_joinchat":[]},"product_brand":[],"product_cat":[58,41],"product_tag":[34],"class_list":{"0":"post-3622","1":"product","2":"type-product","3":"status-publish","4":"has-post-thumbnail","6":"product_cat-desarrollo-humano-y-superacion","7":"product_cat-desarrollo-humano","8":"product_tag-penguin-random-house","10":"first","11":"outofstock","12":"shipping-taxable","13":"purchasable","14":"product-type-simple"},"_links":{"self":[{"href":"https:\/\/libreriahistoriasdebolsillo.com\/index.php\/wp-json\/wp\/v2\/product\/3622","targetHints":{"allow":["GET"]}}],"collection":[{"href":"https:\/\/libreriahistoriasdebolsillo.com\/index.php\/wp-json\/wp\/v2\/product"}],"about":[{"href":"https:\/\/libreriahistoriasdebolsillo.com\/index.php\/wp-json\/wp\/v2\/types\/product"}],"wp:featuredmedia":[{"embeddable":true,"href":"https:\/\/libreriahistoriasdebolsillo.com\/index.php\/wp-json\/wp\/v2\/media\/3623"}],"wp:attachment":[{"href":"https:\/\/libreriahistoriasdebolsillo.com\/index.php\/wp-json\/wp\/v2\/media?parent=3622"}],"wp:term":[{"taxonomy":"product_brand","embeddable":true,"href":"https:\/\/libreriahistoriasdebolsillo.com\/index.php\/wp-json\/wp\/v2\/product_brand?post=3622"},{"taxonomy":"product_cat","embeddable":true,"href":"https:\/\/libreriahistoriasdebolsillo.com\/index.php\/wp-json\/wp\/v2\/product_cat?post=3622"},{"taxonomy":"product_tag","embeddable":true,"href":"https:\/\/libreriahistoriasdebolsillo.com\/index.php\/wp-json\/wp\/v2\/product_tag?post=3622"}],"curies":[{"name":"wp","href":"https:\/\/api.w.org\/{rel}","templated":true}]}}