{"id":3624,"date":"2024-02-09T17:35:06","date_gmt":"2024-02-09T23:35:06","guid":{"rendered":"https:\/\/libreriahistoriasdebolsillo.com\/?post_type=product&#038;p=3624"},"modified":"2025-04-08T10:34:00","modified_gmt":"2025-04-08T16:34:00","slug":"los-demonios-del-eden","status":"publish","type":"product","link":"https:\/\/libreriahistoriasdebolsillo.com\/index.php\/producto\/los-demonios-del-eden\/","title":{"rendered":"Los demonios del ed\u00e9n"},"content":{"rendered":"<p><b>En 2005 Lydia Cacho cimbr\u00f3 a la opini\u00f3n p\u00fablica con la aparici\u00f3n de\u00a0<i>Los demonios del Ed\u00e9n<\/i>, una detallada investigaci\u00f3n sobre la red de corrupci\u00f3n que proteg\u00eda el abuso sexual de menores en Canc\u00fan por parte de famosos empresarios y funcionarios p\u00fablicos.<\/b><\/p>\n<p><b><i>Los demonios del Ed\u00e9n<\/i>\u00a0cumpli\u00f3 en 2015 su d\u00e9cimo aniversario.<\/b><\/p>\n<p><b>Un libro que presenta la cadena que comienza con el abuso sexual infantil, la explotaci\u00f3n sexual, el turismo sexual con menores, el comercio sexual con hombres de poder, la protecci\u00f3n tanto polic\u00edaca como pol\u00edtica de los pederastas, la pornograf\u00eda, el lavado de dinero y el tr\u00e1fico de influencias. Todo englobado en una poderosa y peligrosa red mundial de crimen organizado.<\/b><\/p>\n<p>En 2005 Lydia Cacho someti\u00f3 a juicio de la opini\u00f3n p\u00fablica el famoso caso de Jean Succar Kuri, un hotelero de origen liban\u00e9s, residente norteamericano, que comet\u00eda abuso sexual de menores en Canc\u00fan y era protegido tanto por autoridades locales como por pol\u00edticos de gran envergadura, que incluso participaban del delito de corrupci\u00f3n de menores.<\/p>\n<p>Protegidos de las autoridades en un Refugio para V\u00edctimas del delito de una ONG en Canc\u00fan, los menores denunciaron los hechos que, contra toda predicci\u00f3n, probaron los delitos ante la Procuradur\u00eda General de Justicia. Gracias a su valiente testimonio, Succar Kuri fue arrestado en Arizona. Actualmente su juicio contin\u00faa pendiente.<\/p>\n","protected":false},"excerpt":{"rendered":"<p>Lydia Cacho<\/p>\n","protected":false},"featured_media":3625,"template":"","meta":{"_joinchat":[]},"product_brand":[],"product_cat":[41,64],"product_tag":[34],"class_list":{"0":"post-3624","1":"product","2":"type-product","3":"status-publish","4":"has-post-thumbnail","6":"product_cat-desarrollo-humano","7":"product_cat-periodismo","8":"product_tag-penguin-random-house","10":"first","11":"outofstock","12":"shipping-taxable","13":"purchasable","14":"product-type-simple"},"_links":{"self":[{"href":"https:\/\/libreriahistoriasdebolsillo.com\/index.php\/wp-json\/wp\/v2\/product\/3624","targetHints":{"allow":["GET"]}}],"collection":[{"href":"https:\/\/libreriahistoriasdebolsillo.com\/index.php\/wp-json\/wp\/v2\/product"}],"about":[{"href":"https:\/\/libreriahistoriasdebolsillo.com\/index.php\/wp-json\/wp\/v2\/types\/product"}],"wp:featuredmedia":[{"embeddable":true,"href":"https:\/\/libreriahistoriasdebolsillo.com\/index.php\/wp-json\/wp\/v2\/media\/3625"}],"wp:attachment":[{"href":"https:\/\/libreriahistoriasdebolsillo.com\/index.php\/wp-json\/wp\/v2\/media?parent=3624"}],"wp:term":[{"taxonomy":"product_brand","embeddable":true,"href":"https:\/\/libreriahistoriasdebolsillo.com\/index.php\/wp-json\/wp\/v2\/product_brand?post=3624"},{"taxonomy":"product_cat","embeddable":true,"href":"https:\/\/libreriahistoriasdebolsillo.com\/index.php\/wp-json\/wp\/v2\/product_cat?post=3624"},{"taxonomy":"product_tag","embeddable":true,"href":"https:\/\/libreriahistoriasdebolsillo.com\/index.php\/wp-json\/wp\/v2\/product_tag?post=3624"}],"curies":[{"name":"wp","href":"https:\/\/api.w.org\/{rel}","templated":true}]}}