{"id":3627,"date":"2024-02-09T17:37:49","date_gmt":"2024-02-09T23:37:49","guid":{"rendered":"https:\/\/libreriahistoriasdebolsillo.com\/?post_type=product&#038;p=3627"},"modified":"2024-02-09T17:37:49","modified_gmt":"2024-02-09T23:37:49","slug":"la-comunidad-de-la-sangre","status":"publish","type":"product","link":"https:\/\/libreriahistoriasdebolsillo.com\/index.php\/producto\/la-comunidad-de-la-sangre\/","title":{"rendered":"La comunidad de la sangre"},"content":{"rendered":"<p><b>Las Cr\u00f3nicas Vamp\u00edricas contin\u00faan con el relato del pr\u00edncipe Lestat y la fundaci\u00f3n de la Comunidad de la Sangre.<\/b><\/p>\n<p><b>\u00abLa historia que voy a contaros tiene poco o nada que ver con el mundo moderno. Es un cuento tan antiguo como el g\u00e9nero mismo, sobre la lucha de los individuos para encontrar y defender su lugar en un universo atemporal, junto a todos los dem\u00e1s hijos de la tierra y del sol y de la luna y de las estrellas.\u00bb<\/b><\/p>\n<p>De la mano de Lestat conoceremos c\u00f3mo se convirti\u00f3 en el l\u00edder del mundo vamp\u00edrico y su lucha para encontrar un lugar en el universo de los muertos vivientes y c\u00f3mo, en contra de su voluntad, debe luchar contra las fuerzas amenazadoras y aparentemente imbatibles de la oscuridad.<\/p>\n<p>Desde las torres y las almenas de un castillo ancestral en las monta\u00f1as nevadas de Francia hasta los verdes montes de Luisiana con sus fragancias a magnolias y jazm\u00edn, pasando por las islas v\u00edrgenes del Pac\u00edfico y la ciudad de San Petersburgo durante la corte de la emperatriz Catalina,\u00a0<i>La Comunidad de la Sangre\u00a0<\/i>es un apasionante viaje en el que el lector encuentra la esencia m\u00e1s pura del universo de Anne Rice.<\/p>\n","protected":false},"excerpt":{"rendered":"<p>Anne Rice<\/p>\n","protected":false},"featured_media":3628,"template":"","meta":{"_joinchat":[]},"product_brand":[],"product_cat":[39],"product_tag":[34],"class_list":{"0":"post-3627","1":"product","2":"type-product","3":"status-publish","4":"has-post-thumbnail","6":"product_cat-fantasia","7":"product_tag-penguin-random-house","9":"first","10":"outofstock","11":"shipping-taxable","12":"purchasable","13":"product-type-simple"},"_links":{"self":[{"href":"https:\/\/libreriahistoriasdebolsillo.com\/index.php\/wp-json\/wp\/v2\/product\/3627","targetHints":{"allow":["GET"]}}],"collection":[{"href":"https:\/\/libreriahistoriasdebolsillo.com\/index.php\/wp-json\/wp\/v2\/product"}],"about":[{"href":"https:\/\/libreriahistoriasdebolsillo.com\/index.php\/wp-json\/wp\/v2\/types\/product"}],"wp:featuredmedia":[{"embeddable":true,"href":"https:\/\/libreriahistoriasdebolsillo.com\/index.php\/wp-json\/wp\/v2\/media\/3628"}],"wp:attachment":[{"href":"https:\/\/libreriahistoriasdebolsillo.com\/index.php\/wp-json\/wp\/v2\/media?parent=3627"}],"wp:term":[{"taxonomy":"product_brand","embeddable":true,"href":"https:\/\/libreriahistoriasdebolsillo.com\/index.php\/wp-json\/wp\/v2\/product_brand?post=3627"},{"taxonomy":"product_cat","embeddable":true,"href":"https:\/\/libreriahistoriasdebolsillo.com\/index.php\/wp-json\/wp\/v2\/product_cat?post=3627"},{"taxonomy":"product_tag","embeddable":true,"href":"https:\/\/libreriahistoriasdebolsillo.com\/index.php\/wp-json\/wp\/v2\/product_tag?post=3627"}],"curies":[{"name":"wp","href":"https:\/\/api.w.org\/{rel}","templated":true}]}}