{"id":3629,"date":"2024-02-09T17:39:09","date_gmt":"2024-02-09T23:39:09","guid":{"rendered":"https:\/\/libreriahistoriasdebolsillo.com\/?post_type=product&#038;p=3629"},"modified":"2025-06-16T11:02:56","modified_gmt":"2025-06-16T17:02:56","slug":"el-aleph","status":"publish","type":"product","link":"https:\/\/libreriahistoriasdebolsillo.com\/index.php\/producto\/el-aleph\/","title":{"rendered":"El aleph"},"content":{"rendered":"<p align=\"JUSTIFY\"><b>\u00abVi el Aleph, desde todos los puntos, vi en el Aleph la tierra, y en la tierra otra vez el Aleph y en el Aleph la tierra.\u00bb<\/b><\/p>\n<p align=\"JUSTIFY\">La mayor\u00eda de los cuentos reunidos en este libro pertenecen al g\u00e9nero fant\u00e1stico. Algunos surgieron a partir de cr\u00f3nicas policiales, de pinturas o simplemente de la visi\u00f3n de alg\u00fan conventillo; otro explora el efecto que la inmortalidad causar\u00eda en los hombres; hay una glosa al\u00a0<i>Mart\u00edn Fierro<\/i>, sue\u00f1os sobre la identidad personal y fantas\u00edas del tiempo. El cuento \u00abEl Aleph\u00bb, publicado por primera vez en 1945, aborda uno de los temas recurrentes en la literatura de Borges: el infinito. Porque en esa esfera resplandeciente confluyen de un modo asombroso todos los tiempos y todos los espacios.<\/p>\n","protected":false},"excerpt":{"rendered":"<p>Jorge Luis Borges<\/p>\n","protected":false},"featured_media":3630,"template":"","meta":{"_joinchat":[]},"product_brand":[],"product_cat":[33],"product_tag":[34],"class_list":{"0":"post-3629","1":"product","2":"type-product","3":"status-publish","4":"has-post-thumbnail","6":"product_cat-ficcion-general","7":"product_tag-penguin-random-house","9":"first","10":"outofstock","11":"shipping-taxable","12":"purchasable","13":"product-type-simple"},"_links":{"self":[{"href":"https:\/\/libreriahistoriasdebolsillo.com\/index.php\/wp-json\/wp\/v2\/product\/3629","targetHints":{"allow":["GET"]}}],"collection":[{"href":"https:\/\/libreriahistoriasdebolsillo.com\/index.php\/wp-json\/wp\/v2\/product"}],"about":[{"href":"https:\/\/libreriahistoriasdebolsillo.com\/index.php\/wp-json\/wp\/v2\/types\/product"}],"wp:featuredmedia":[{"embeddable":true,"href":"https:\/\/libreriahistoriasdebolsillo.com\/index.php\/wp-json\/wp\/v2\/media\/3630"}],"wp:attachment":[{"href":"https:\/\/libreriahistoriasdebolsillo.com\/index.php\/wp-json\/wp\/v2\/media?parent=3629"}],"wp:term":[{"taxonomy":"product_brand","embeddable":true,"href":"https:\/\/libreriahistoriasdebolsillo.com\/index.php\/wp-json\/wp\/v2\/product_brand?post=3629"},{"taxonomy":"product_cat","embeddable":true,"href":"https:\/\/libreriahistoriasdebolsillo.com\/index.php\/wp-json\/wp\/v2\/product_cat?post=3629"},{"taxonomy":"product_tag","embeddable":true,"href":"https:\/\/libreriahistoriasdebolsillo.com\/index.php\/wp-json\/wp\/v2\/product_tag?post=3629"}],"curies":[{"name":"wp","href":"https:\/\/api.w.org\/{rel}","templated":true}]}}