{"id":3633,"date":"2024-02-09T17:45:09","date_gmt":"2024-02-09T23:45:09","guid":{"rendered":"https:\/\/libreriahistoriasdebolsillo.com\/?post_type=product&#038;p=3633"},"modified":"2024-07-01T15:08:05","modified_gmt":"2024-07-01T21:08:05","slug":"ciclo-el-legado-1-eragon","status":"publish","type":"product","link":"https:\/\/libreriahistoriasdebolsillo.com\/index.php\/producto\/ciclo-el-legado-1-eragon\/","title":{"rendered":"Ciclo el legado 1. Eragon"},"content":{"rendered":"<p>El joven Eragon descubre una joya mientras est\u00e1 cazando en el bosque. Lo que \u00e9l cre\u00eda una valiosa gema resulta ser un huevo de drag\u00f3n.<\/p>\n<p>En el reino legendario de Alaga\u00ebsia la guerra se est\u00e1 gestando. Los Jinetes, protectores de la paz del Imperio y los \u00fanicos capaces de controlar a los inteligentes dragones, se han extinguido o han pasado a formar parte de las tropas del malvado rey Galbatorix. Los elfos hace tiempo que se han exiliado a un lugar oculto y los vardenos, un grupo disidente, se ocultan en ciudades protegidas. Cuando Eragon, un joven de 15 a\u00f1os que vive en una peque\u00f1a aldea, se encuentra con una piedra preciosa en medio del bosque a donde ha ido a cazar, poco se espera que ese suceso vaya a cambiar su vida y el destino de Alaga\u00ebsia. Lo \u00fanico que desea es venderla para as\u00ed asegurar la subsistencia de su familia durante el duro invierno. Sin embargo, una noche la gema se rompe y lo que sale de ella lo llevar\u00e1 a un viaje que lo convertir\u00e1 en h\u00e9roe.<\/p>\n<p><i>Eragon\u00a0<\/i>es el primer t\u00edtulo de la serie\u00a0<i>El legado<\/i>, que tiene como protagonistas a este valiente joven y a su indomable dragona Saphira.<\/p>\n","protected":false},"excerpt":{"rendered":"<p>Christopher Paolini<\/p>\n","protected":false},"featured_media":3634,"template":"","meta":{"_joinchat":[]},"product_brand":[],"product_cat":[39],"product_tag":[34],"class_list":{"0":"post-3633","1":"product","2":"type-product","3":"status-publish","4":"has-post-thumbnail","6":"product_cat-fantasia","7":"product_tag-penguin-random-house","9":"first","10":"outofstock","11":"shipping-taxable","12":"purchasable","13":"product-type-simple"},"_links":{"self":[{"href":"https:\/\/libreriahistoriasdebolsillo.com\/index.php\/wp-json\/wp\/v2\/product\/3633","targetHints":{"allow":["GET"]}}],"collection":[{"href":"https:\/\/libreriahistoriasdebolsillo.com\/index.php\/wp-json\/wp\/v2\/product"}],"about":[{"href":"https:\/\/libreriahistoriasdebolsillo.com\/index.php\/wp-json\/wp\/v2\/types\/product"}],"wp:featuredmedia":[{"embeddable":true,"href":"https:\/\/libreriahistoriasdebolsillo.com\/index.php\/wp-json\/wp\/v2\/media\/3634"}],"wp:attachment":[{"href":"https:\/\/libreriahistoriasdebolsillo.com\/index.php\/wp-json\/wp\/v2\/media?parent=3633"}],"wp:term":[{"taxonomy":"product_brand","embeddable":true,"href":"https:\/\/libreriahistoriasdebolsillo.com\/index.php\/wp-json\/wp\/v2\/product_brand?post=3633"},{"taxonomy":"product_cat","embeddable":true,"href":"https:\/\/libreriahistoriasdebolsillo.com\/index.php\/wp-json\/wp\/v2\/product_cat?post=3633"},{"taxonomy":"product_tag","embeddable":true,"href":"https:\/\/libreriahistoriasdebolsillo.com\/index.php\/wp-json\/wp\/v2\/product_tag?post=3633"}],"curies":[{"name":"wp","href":"https:\/\/api.w.org\/{rel}","templated":true}]}}