{"id":3636,"date":"2024-02-09T17:48:47","date_gmt":"2024-02-09T23:48:47","guid":{"rendered":"https:\/\/libreriahistoriasdebolsillo.com\/?post_type=product&#038;p=3636"},"modified":"2024-04-30T17:19:24","modified_gmt":"2024-04-30T23:19:24","slug":"cuando-el-amor-es-mas-fuerte-que-la-muerte","status":"publish","type":"product","link":"https:\/\/libreriahistoriasdebolsillo.com\/index.php\/producto\/cuando-el-amor-es-mas-fuerte-que-la-muerte\/","title":{"rendered":"Cuando el amor es m\u00e1s fuerte que la muerte"},"content":{"rendered":"<p><b>En este libro est\u00e1 la clave para atravesar la oscuridad del sufrimiento: s\u00f3lo debemos permitir que la luz del amor nos gu\u00ede.<\/b><\/p>\n<p>El dolor de perder a un hijo o a una hija es tan grande que ni siquiera hay una palabra para nombrar a los padres y madres que lo padecen. En un intento por describir este sentimiento y darle sentido,\u00a0<b>Marcelo Rittner y Ana Gladys Vargas profundizan en experiencias personales y profesionales sobre el duelo<\/b>, al tiempo que conversan con padres y madres que lo atraviesan, las \u00fanicas personas que saben lo que realmente significa.<\/p>\n<p><b>A trav\u00e9s de estos testimonios, el dolor revela su verdaderorostro<\/b>: el del amor que tenemos por quienes est\u00e1n ausentes. Y as\u00ed sabemos que no todo est\u00e1 perdido, que las formas de amar son infinitas, que a\u00fan hay muchas razones para seguir adelante en esta vida y disfrutar sus ense\u00f1anzas, para estar junto a la familia y amistades que queremos y nos quieren.<\/p>\n","protected":false},"excerpt":{"rendered":"<p>Marcelo Rittner y Ana Gladys Vargas<\/p>\n","protected":false},"featured_media":3637,"template":"","meta":{"_joinchat":[]},"product_brand":[],"product_cat":[58,41],"product_tag":[34],"class_list":{"0":"post-3636","1":"product","2":"type-product","3":"status-publish","4":"has-post-thumbnail","6":"product_cat-desarrollo-humano-y-superacion","7":"product_cat-desarrollo-humano","8":"product_tag-penguin-random-house","10":"first","11":"outofstock","12":"shipping-taxable","13":"purchasable","14":"product-type-simple"},"_links":{"self":[{"href":"https:\/\/libreriahistoriasdebolsillo.com\/index.php\/wp-json\/wp\/v2\/product\/3636","targetHints":{"allow":["GET"]}}],"collection":[{"href":"https:\/\/libreriahistoriasdebolsillo.com\/index.php\/wp-json\/wp\/v2\/product"}],"about":[{"href":"https:\/\/libreriahistoriasdebolsillo.com\/index.php\/wp-json\/wp\/v2\/types\/product"}],"wp:featuredmedia":[{"embeddable":true,"href":"https:\/\/libreriahistoriasdebolsillo.com\/index.php\/wp-json\/wp\/v2\/media\/3637"}],"wp:attachment":[{"href":"https:\/\/libreriahistoriasdebolsillo.com\/index.php\/wp-json\/wp\/v2\/media?parent=3636"}],"wp:term":[{"taxonomy":"product_brand","embeddable":true,"href":"https:\/\/libreriahistoriasdebolsillo.com\/index.php\/wp-json\/wp\/v2\/product_brand?post=3636"},{"taxonomy":"product_cat","embeddable":true,"href":"https:\/\/libreriahistoriasdebolsillo.com\/index.php\/wp-json\/wp\/v2\/product_cat?post=3636"},{"taxonomy":"product_tag","embeddable":true,"href":"https:\/\/libreriahistoriasdebolsillo.com\/index.php\/wp-json\/wp\/v2\/product_tag?post=3636"}],"curies":[{"name":"wp","href":"https:\/\/api.w.org\/{rel}","templated":true}]}}