{"id":3639,"date":"2024-02-09T17:50:25","date_gmt":"2024-02-09T23:50:25","guid":{"rendered":"https:\/\/libreriahistoriasdebolsillo.com\/?post_type=product&#038;p=3639"},"modified":"2024-04-30T17:19:08","modified_gmt":"2024-04-30T23:19:08","slug":"eneagrama","status":"publish","type":"product","link":"https:\/\/libreriahistoriasdebolsillo.com\/index.php\/producto\/eneagrama\/","title":{"rendered":"Eneagrama"},"content":{"rendered":"<p><b>Pr\u00f3logo de Andrea Vargas<\/b><\/p>\n<p><b>Ampl\u00eda tu conciencia para saber qui\u00e9n eres y hacia d\u00f3nde vas.<\/b><\/p>\n<p><b>En este libro excepcional, Andrea Vargas explica una poderosa herramienta de crecimiento personal que revela nueve formas diferentes de ver la vida, de pensar y de sentir.<\/b><\/p>\n<p><b>Nueva edici\u00f3n, con pr\u00f3logo de Gaby Vargas<\/b><\/p>\n<p><i>Eneagrama<\/i>\u00a0te ayuda a entender tu personalidad y la de quienes te rodean. Andrea Vargas presenta a sus lectores una divertida gu\u00eda de exploraci\u00f3n de las personalidades: sus virtudes, sus miedos, limitaciones, deseos. Tambi\u00e9n el comportamiento en el trabajo y en el amor, as\u00ed como las posibles reacciones en los momentos de dicha o estr\u00e9s. Un libro que nos descubre los medios para estrechar los lazos de amistad, comunicaci\u00f3n y empat\u00eda con la pareja, la familia y la educaci\u00f3n de los hijos.<\/p>\n","protected":false},"excerpt":{"rendered":"<p>Andrea Vargas<\/p>\n","protected":false},"featured_media":3640,"template":"","meta":{"_joinchat":[]},"product_brand":[],"product_cat":[58,41],"product_tag":[34],"class_list":{"0":"post-3639","1":"product","2":"type-product","3":"status-publish","4":"has-post-thumbnail","6":"product_cat-desarrollo-humano-y-superacion","7":"product_cat-desarrollo-humano","8":"product_tag-penguin-random-house","10":"first","11":"outofstock","12":"shipping-taxable","13":"purchasable","14":"product-type-simple"},"_links":{"self":[{"href":"https:\/\/libreriahistoriasdebolsillo.com\/index.php\/wp-json\/wp\/v2\/product\/3639","targetHints":{"allow":["GET"]}}],"collection":[{"href":"https:\/\/libreriahistoriasdebolsillo.com\/index.php\/wp-json\/wp\/v2\/product"}],"about":[{"href":"https:\/\/libreriahistoriasdebolsillo.com\/index.php\/wp-json\/wp\/v2\/types\/product"}],"wp:featuredmedia":[{"embeddable":true,"href":"https:\/\/libreriahistoriasdebolsillo.com\/index.php\/wp-json\/wp\/v2\/media\/3640"}],"wp:attachment":[{"href":"https:\/\/libreriahistoriasdebolsillo.com\/index.php\/wp-json\/wp\/v2\/media?parent=3639"}],"wp:term":[{"taxonomy":"product_brand","embeddable":true,"href":"https:\/\/libreriahistoriasdebolsillo.com\/index.php\/wp-json\/wp\/v2\/product_brand?post=3639"},{"taxonomy":"product_cat","embeddable":true,"href":"https:\/\/libreriahistoriasdebolsillo.com\/index.php\/wp-json\/wp\/v2\/product_cat?post=3639"},{"taxonomy":"product_tag","embeddable":true,"href":"https:\/\/libreriahistoriasdebolsillo.com\/index.php\/wp-json\/wp\/v2\/product_tag?post=3639"}],"curies":[{"name":"wp","href":"https:\/\/api.w.org\/{rel}","templated":true}]}}