{"id":3643,"date":"2024-02-09T17:53:56","date_gmt":"2024-02-09T23:53:56","guid":{"rendered":"https:\/\/libreriahistoriasdebolsillo.com\/?post_type=product&#038;p=3643"},"modified":"2024-04-30T17:21:11","modified_gmt":"2024-04-30T23:21:11","slug":"eichmann-y-el-holocausto","status":"publish","type":"product","link":"https:\/\/libreriahistoriasdebolsillo.com\/index.php\/producto\/eichmann-y-el-holocausto\/","title":{"rendered":"Eichmann y el holocausto"},"content":{"rendered":"<p>En este ensayo, Hanna Arendt analiza la banalidad y la ceguera moral de un r\u00e9gimen.<\/p>\n<p><b>Inspirada por el juicio de un bur\u00f3crata Nazi, esta obra fundamental de Hannah Arendt analiza la banalidad del mal.<\/b><\/p>\n<p><b>Taurus publica las obras de los grandes pensadores, pioneros, radicales y visionarios cuyas ideas sacudieron la civilizaci\u00f3n y nos impulsaron a ser quienes somos.<\/b><\/p>\n<p>La pura y simple irreflexi\u00f3n fue lo que le predispuso a\u00a0<b>Adolf Eichmann<\/b>\u00a0a convertirse en uno de los mayores criminales de su tiempo. Inspirada por el juicio a un bur\u00f3crata que contribuy\u00f3 a provocar el Holocausto, esta obra fundamental sobre la banalidad del mal asombr\u00f3 al mundo con su an\u00e1lisis de la ceguera moral de un r\u00e9gimen y de la insistencia de un hombre en ser absuelto de toda culpa porque \u00abs\u00f3lo cumpl\u00eda \u00f3rdenes\u00bb.<\/p>\n<p>A lo largo de la historia, algunos libros han cambiado el mundo. Han transformado la manera en que nos vemos a nosotros mismos y a los dem\u00e1s. Han inspirado el debate, la discordia, la guerra y la revoluci\u00f3n. Han iluminado, indignado, provocado y consolado. Han enriquecido vidas, y tambi\u00e9n las han destruido.<\/p>\n","protected":false},"excerpt":{"rendered":"<p>Hannah Arendt<\/p>\n","protected":false},"featured_media":3644,"template":"","meta":{"_joinchat":[]},"product_brand":[],"product_cat":[41],"product_tag":[34],"class_list":{"0":"post-3643","1":"product","2":"type-product","3":"status-publish","4":"has-post-thumbnail","6":"product_cat-desarrollo-humano","7":"product_tag-penguin-random-house","9":"first","10":"outofstock","11":"shipping-taxable","12":"purchasable","13":"product-type-simple"},"_links":{"self":[{"href":"https:\/\/libreriahistoriasdebolsillo.com\/index.php\/wp-json\/wp\/v2\/product\/3643","targetHints":{"allow":["GET"]}}],"collection":[{"href":"https:\/\/libreriahistoriasdebolsillo.com\/index.php\/wp-json\/wp\/v2\/product"}],"about":[{"href":"https:\/\/libreriahistoriasdebolsillo.com\/index.php\/wp-json\/wp\/v2\/types\/product"}],"wp:featuredmedia":[{"embeddable":true,"href":"https:\/\/libreriahistoriasdebolsillo.com\/index.php\/wp-json\/wp\/v2\/media\/3644"}],"wp:attachment":[{"href":"https:\/\/libreriahistoriasdebolsillo.com\/index.php\/wp-json\/wp\/v2\/media?parent=3643"}],"wp:term":[{"taxonomy":"product_brand","embeddable":true,"href":"https:\/\/libreriahistoriasdebolsillo.com\/index.php\/wp-json\/wp\/v2\/product_brand?post=3643"},{"taxonomy":"product_cat","embeddable":true,"href":"https:\/\/libreriahistoriasdebolsillo.com\/index.php\/wp-json\/wp\/v2\/product_cat?post=3643"},{"taxonomy":"product_tag","embeddable":true,"href":"https:\/\/libreriahistoriasdebolsillo.com\/index.php\/wp-json\/wp\/v2\/product_tag?post=3643"}],"curies":[{"name":"wp","href":"https:\/\/api.w.org\/{rel}","templated":true}]}}