{"id":3647,"date":"2024-02-09T17:59:03","date_gmt":"2024-02-09T23:59:03","guid":{"rendered":"https:\/\/libreriahistoriasdebolsillo.com\/?post_type=product&#038;p=3647"},"modified":"2024-03-04T17:04:31","modified_gmt":"2024-03-04T23:04:31","slug":"hecha-de-sangre-y-tentacion-1-la-sed-oscura","status":"publish","type":"product","link":"https:\/\/libreriahistoriasdebolsillo.com\/index.php\/producto\/hecha-de-sangre-y-tentacion-1-la-sed-oscura\/","title":{"rendered":"Hecha de sangre y tentaci\u00f3n 1. La sed oscura"},"content":{"rendered":"<p>En Vermont, Estados Unidos,\u00a0<b>Raziel\u00a0<\/b>huye de su pasado entre los estantes de una librer\u00eda. Todo parece un poco tedioso hasta que, un d\u00eda, una chica cruza el umbral: Delanay, con su largo cabello negro y ojos claros, es misteriosa y atrayente en partes iguales, y Raziel no puede evitar sentirse intrigado&#8230; tanto que, sin quererlo, se ve arrastrado a un mundo que hasta entonces pens\u00f3 s\u00f3lo exist\u00eda en las p\u00e1ginas de un libro: el de la magia.<\/p>\n<p>Delanay es una bruja que ha decidido seguir un camino distinto al de su aquelarre. La sed oscura la llama&#8230; y ella est\u00e1 deseosa por responder, por completar el v\u00ednculo, por poseer los poderes con los que siempre ha so\u00f1ado. Para lograrlo debe completar el ritual, y nada la detendr\u00e1: ni la suma sacerdotisa ni sus hermanas del aquelarre. Todos son prescindibles.<\/p>\n<p>De repente, un violento asesinato en\u00a0<b>Green Mountains<\/b>\u00a0desbalancea la aparente calma: un hombre ha aparecido muerto con una extra\u00f1a marca en el pecho. Mientras su pareja, Adler, detective de la Polic\u00eda de Bakersfield, lucha por vengar la muerte del amor de su vida, descubre una mara\u00f1a de cr\u00edmenes que lo llevar\u00e1 a lo m\u00e1s profundo de la maldad humana.<\/p>\n<p>Sin embargo, \u00bfc\u00f3mo resolver el misterio cuando detr\u00e1s hay fuerzas en juego que no puede siquiera comenzar a comprender?<\/p>\n","protected":false},"excerpt":{"rendered":"<p>Fernanda Aburto<\/p>\n","protected":false},"featured_media":3648,"template":"","meta":{"_joinchat":[]},"product_brand":[],"product_cat":[39],"product_tag":[34],"class_list":{"0":"post-3647","1":"product","2":"type-product","3":"status-publish","4":"has-post-thumbnail","6":"product_cat-fantasia","7":"product_tag-penguin-random-house","9":"first","10":"instock","11":"shipping-taxable","12":"purchasable","13":"product-type-simple"},"_links":{"self":[{"href":"https:\/\/libreriahistoriasdebolsillo.com\/index.php\/wp-json\/wp\/v2\/product\/3647","targetHints":{"allow":["GET"]}}],"collection":[{"href":"https:\/\/libreriahistoriasdebolsillo.com\/index.php\/wp-json\/wp\/v2\/product"}],"about":[{"href":"https:\/\/libreriahistoriasdebolsillo.com\/index.php\/wp-json\/wp\/v2\/types\/product"}],"wp:featuredmedia":[{"embeddable":true,"href":"https:\/\/libreriahistoriasdebolsillo.com\/index.php\/wp-json\/wp\/v2\/media\/3648"}],"wp:attachment":[{"href":"https:\/\/libreriahistoriasdebolsillo.com\/index.php\/wp-json\/wp\/v2\/media?parent=3647"}],"wp:term":[{"taxonomy":"product_brand","embeddable":true,"href":"https:\/\/libreriahistoriasdebolsillo.com\/index.php\/wp-json\/wp\/v2\/product_brand?post=3647"},{"taxonomy":"product_cat","embeddable":true,"href":"https:\/\/libreriahistoriasdebolsillo.com\/index.php\/wp-json\/wp\/v2\/product_cat?post=3647"},{"taxonomy":"product_tag","embeddable":true,"href":"https:\/\/libreriahistoriasdebolsillo.com\/index.php\/wp-json\/wp\/v2\/product_tag?post=3647"}],"curies":[{"name":"wp","href":"https:\/\/api.w.org\/{rel}","templated":true}]}}