{"id":3651,"date":"2024-02-09T18:03:05","date_gmt":"2024-02-10T00:03:05","guid":{"rendered":"https:\/\/libreriahistoriasdebolsillo.com\/?post_type=product&#038;p=3651"},"modified":"2026-01-06T15:45:54","modified_gmt":"2026-01-06T21:45:54","slug":"lecciones-de-quimica","status":"publish","type":"product","link":"https:\/\/libreriahistoriasdebolsillo.com\/index.php\/producto\/lecciones-de-quimica\/","title":{"rendered":"Lecciones de qu\u00edmica"},"content":{"rendered":"<p><b>Una narraci\u00f3n adictiva que desentra\u00f1a de manera inteligente y entretenida la espinosa cuesti\u00f3n de la igualdad de g\u00e9nero y la necesidad de ser uno mismo<\/b>.<\/p>\n<p><b>Estamos en 1952<\/b>, y Elizabeth Zott es\u00a0<b>una joven qu\u00edmica que trabaja en el Instituto de Investigaci\u00f3n Hastings en California\u00a0<\/b>, un ambiente ferozmente machista donde\u00a0<b>su innegable talento es silenciado<\/b>, saboteado o utilizado para el prestigio de los dem\u00e1s. Pese a las dificultades, Elizabeth no renuncia a sus principios y est\u00e1 dispuesta a plantar cara. S\u00f3lo hay\u00a0<b>un hombre que admira su determinaci\u00f3n<\/b>: el solitario, brillante y hura\u00f1o Calvin Evans, nominado al\u00a0<b>Premio Nobel<\/b>\u00a0y enamorado, por encima de todo, de la mente de ella. Pero la vida, como la ciencia, no siempre sigue un camino recto, de ah\u00ed que Elizabeth se haya convertido, pocos a\u00f1os despu\u00e9s, en\u00a0<b>madre soltera y presentadora de televisi\u00f3n<\/b>\u00a0de un exitoso programa de cocina. Su inusual propuesta de aplicar sus conocimientos de qu\u00edmica a la comida \u2014combinar una cucharada de \u00e1cido ac\u00e9tico con una pizca de cloruro de sodio\u2014 resultarevolucionaria; sin embargo, a medida que su popularidad aumenta lo hacen tambi\u00e9n sus enemigos, porque Elizabeth no s\u00f3lo est\u00e1 ense\u00f1ando a las mujeres a cocinar, sino tambi\u00e9n desafi\u00e1ndolas a\u00a0<b>cambiar el orden establecido<\/b>.<\/p>\n<p>Saludada por la cr\u00edtica como una bocanada de aire fresco y aut\u00e9ntico fen\u00f3meno editorial en pa\u00edses como Estados Unidos, Reino Unido, Alemania o Italia,\u00a0<i>Lecciones de qu\u00edmica<\/i>\u00a0es una novela tan\u00a0<b>original y vibrante<\/b>\u00a0como Elizabeth Zott, su\u00a0<b>extraordinaria protagonista<\/b>.<\/p>\n","protected":false},"excerpt":{"rendered":"<p>Bonnie Garmus<\/p>\n","protected":false},"featured_media":3652,"template":"","meta":{"_joinchat":[]},"product_brand":[],"product_cat":[33],"product_tag":[34],"class_list":{"0":"post-3651","1":"product","2":"type-product","3":"status-publish","4":"has-post-thumbnail","6":"product_cat-ficcion-general","7":"product_tag-penguin-random-house","9":"first","10":"outofstock","11":"shipping-taxable","12":"purchasable","13":"product-type-simple"},"_links":{"self":[{"href":"https:\/\/libreriahistoriasdebolsillo.com\/index.php\/wp-json\/wp\/v2\/product\/3651","targetHints":{"allow":["GET"]}}],"collection":[{"href":"https:\/\/libreriahistoriasdebolsillo.com\/index.php\/wp-json\/wp\/v2\/product"}],"about":[{"href":"https:\/\/libreriahistoriasdebolsillo.com\/index.php\/wp-json\/wp\/v2\/types\/product"}],"wp:featuredmedia":[{"embeddable":true,"href":"https:\/\/libreriahistoriasdebolsillo.com\/index.php\/wp-json\/wp\/v2\/media\/3652"}],"wp:attachment":[{"href":"https:\/\/libreriahistoriasdebolsillo.com\/index.php\/wp-json\/wp\/v2\/media?parent=3651"}],"wp:term":[{"taxonomy":"product_brand","embeddable":true,"href":"https:\/\/libreriahistoriasdebolsillo.com\/index.php\/wp-json\/wp\/v2\/product_brand?post=3651"},{"taxonomy":"product_cat","embeddable":true,"href":"https:\/\/libreriahistoriasdebolsillo.com\/index.php\/wp-json\/wp\/v2\/product_cat?post=3651"},{"taxonomy":"product_tag","embeddable":true,"href":"https:\/\/libreriahistoriasdebolsillo.com\/index.php\/wp-json\/wp\/v2\/product_tag?post=3651"}],"curies":[{"name":"wp","href":"https:\/\/api.w.org\/{rel}","templated":true}]}}