{"id":3653,"date":"2024-02-09T18:05:33","date_gmt":"2024-02-10T00:05:33","guid":{"rendered":"https:\/\/libreriahistoriasdebolsillo.com\/?post_type=product&#038;p=3653"},"modified":"2024-04-30T17:24:14","modified_gmt":"2024-04-30T23:24:14","slug":"cielos-rebeldes","status":"publish","type":"product","link":"https:\/\/libreriahistoriasdebolsillo.com\/index.php\/producto\/cielos-rebeldes\/","title":{"rendered":"Cielos rebeldes"},"content":{"rendered":"<p><b>\u00abUn debut m\u00e1gico que se lee como una pel\u00edcula de Studio Ghibli, lleno de imaginaci\u00f3n, acci\u00f3n y ternura.\u00bb Natasha<\/b>\u00a0<b>Ngan<\/b><\/p>\n<p>El\u00a0<b>imperio<\/b>\u00a0<b>Mikoshima<\/b>\u00a0est\u00e1 en guerra. Las ciudades flotantes y las terrestres luchan por el poder y el cielo est\u00e1 lleno de\u00a0<b>shikigamis<\/b><b>, feroces monstruos<\/b>\u00a0de papel que no responden ante nadie. Cuando \u00e9stos destruyen su hogar, la joven Kurara se une a la\u00a0<b>tripulaci\u00f3n de una<\/b>\u00a0<b>aeronave<\/b>\u00a0que se dedica a darles caza. All\u00ed descubre que su habilidad para controlar elpapel es mayor de lo que hab\u00eda imaginado, pero las respuestas que encuentra s\u00f3lo le generan nuevas dudas sobre el imperio, sobre los shikigamis y sobre s\u00ed misma. La verdadera batalla est\u00e1 a punto de comenzar&#8230; y para salvar a quien m\u00e1s quiere, Kurara deber\u00e1 escoger un bando<\/p>\n","protected":false},"excerpt":{"rendered":"<p>Ann Sei Lin<\/p>\n","protected":false},"featured_media":3654,"template":"","meta":{"_joinchat":[]},"product_brand":[],"product_cat":[39,52],"product_tag":[34],"class_list":{"0":"post-3653","1":"product","2":"type-product","3":"status-publish","4":"has-post-thumbnail","6":"product_cat-fantasia","7":"product_cat-juvenil","8":"product_tag-penguin-random-house","10":"first","11":"outofstock","12":"shipping-taxable","13":"purchasable","14":"product-type-simple"},"_links":{"self":[{"href":"https:\/\/libreriahistoriasdebolsillo.com\/index.php\/wp-json\/wp\/v2\/product\/3653","targetHints":{"allow":["GET"]}}],"collection":[{"href":"https:\/\/libreriahistoriasdebolsillo.com\/index.php\/wp-json\/wp\/v2\/product"}],"about":[{"href":"https:\/\/libreriahistoriasdebolsillo.com\/index.php\/wp-json\/wp\/v2\/types\/product"}],"wp:featuredmedia":[{"embeddable":true,"href":"https:\/\/libreriahistoriasdebolsillo.com\/index.php\/wp-json\/wp\/v2\/media\/3654"}],"wp:attachment":[{"href":"https:\/\/libreriahistoriasdebolsillo.com\/index.php\/wp-json\/wp\/v2\/media?parent=3653"}],"wp:term":[{"taxonomy":"product_brand","embeddable":true,"href":"https:\/\/libreriahistoriasdebolsillo.com\/index.php\/wp-json\/wp\/v2\/product_brand?post=3653"},{"taxonomy":"product_cat","embeddable":true,"href":"https:\/\/libreriahistoriasdebolsillo.com\/index.php\/wp-json\/wp\/v2\/product_cat?post=3653"},{"taxonomy":"product_tag","embeddable":true,"href":"https:\/\/libreriahistoriasdebolsillo.com\/index.php\/wp-json\/wp\/v2\/product_tag?post=3653"}],"curies":[{"name":"wp","href":"https:\/\/api.w.org\/{rel}","templated":true}]}}