{"id":3655,"date":"2024-02-09T18:07:25","date_gmt":"2024-02-10T00:07:25","guid":{"rendered":"https:\/\/libreriahistoriasdebolsillo.com\/?post_type=product&#038;p=3655"},"modified":"2025-12-01T10:30:25","modified_gmt":"2025-12-01T16:30:25","slug":"clover","status":"publish","type":"product","link":"https:\/\/libreriahistoriasdebolsillo.com\/index.php\/producto\/clover\/","title":{"rendered":"Clover"},"content":{"rendered":"<p><b>\u00bfERES EL TR\u00c9BOL DE ESTE IRLAND\u00c9S?<\/b><\/p>\n<p>Durante los tres a\u00f1os que Clover Mousavi lleva estudiando en la Universidad de Ocrox, se ha dedicado a dejar\u00a0<b>notitas picantes an\u00f3nimas<\/b>\u00a0a Callum Byrne, el\u00a0<b>popular estudiante irland\u00e9s<\/b>\u00a0que tiene al campus entero suspirando por \u00e9l. Clover se siente muy c\u00f3moda en su anonimato, pero todo cambia el d\u00eda de\u00a0<b>San Valent\u00edn<\/b>, cuando Callum le confiesa que sabe que es ella quien est\u00e1 detr\u00e1s de los mensajes que recibe. Callum espera que ella sea su tr\u00e9bol y Clover debe decidir si quiere correr el riesgo de vivir la relaci\u00f3n apasionada, alocada y divertida que \u00e9l le ofrece. \u00bfPondr\u00e1 en riesgo su coraz\u00f3n para vivir\u00a0<b>un amor<\/b>\u00a0que podr\u00eda tener fecha de caducidad?<\/p>\n","protected":false},"excerpt":{"rendered":"<p>Darlis Stefany<\/p>\n","protected":false},"featured_media":3656,"template":"","meta":{"_joinchat":[]},"product_brand":[],"product_cat":[79,52,51],"product_tag":[34,57],"class_list":{"0":"post-3655","1":"product","2":"type-product","3":"status-publish","4":"has-post-thumbnail","6":"product_cat-campana-punto-naranja","7":"product_cat-juvenil","8":"product_cat-oferta","9":"product_tag-penguin-random-house","10":"product_tag-wattpad","12":"first","13":"instock","14":"sale","15":"shipping-taxable","16":"purchasable","17":"product-type-simple"},"_links":{"self":[{"href":"https:\/\/libreriahistoriasdebolsillo.com\/index.php\/wp-json\/wp\/v2\/product\/3655","targetHints":{"allow":["GET"]}}],"collection":[{"href":"https:\/\/libreriahistoriasdebolsillo.com\/index.php\/wp-json\/wp\/v2\/product"}],"about":[{"href":"https:\/\/libreriahistoriasdebolsillo.com\/index.php\/wp-json\/wp\/v2\/types\/product"}],"wp:featuredmedia":[{"embeddable":true,"href":"https:\/\/libreriahistoriasdebolsillo.com\/index.php\/wp-json\/wp\/v2\/media\/3656"}],"wp:attachment":[{"href":"https:\/\/libreriahistoriasdebolsillo.com\/index.php\/wp-json\/wp\/v2\/media?parent=3655"}],"wp:term":[{"taxonomy":"product_brand","embeddable":true,"href":"https:\/\/libreriahistoriasdebolsillo.com\/index.php\/wp-json\/wp\/v2\/product_brand?post=3655"},{"taxonomy":"product_cat","embeddable":true,"href":"https:\/\/libreriahistoriasdebolsillo.com\/index.php\/wp-json\/wp\/v2\/product_cat?post=3655"},{"taxonomy":"product_tag","embeddable":true,"href":"https:\/\/libreriahistoriasdebolsillo.com\/index.php\/wp-json\/wp\/v2\/product_tag?post=3655"}],"curies":[{"name":"wp","href":"https:\/\/api.w.org\/{rel}","templated":true}]}}