{"id":3659,"date":"2024-02-09T18:11:56","date_gmt":"2024-02-10T00:11:56","guid":{"rendered":"https:\/\/libreriahistoriasdebolsillo.com\/?post_type=product&#038;p=3659"},"modified":"2025-08-13T15:57:30","modified_gmt":"2025-08-13T21:57:30","slug":"petalos-de-papel","status":"publish","type":"product","link":"https:\/\/libreriahistoriasdebolsillo.com\/index.php\/producto\/petalos-de-papel\/","title":{"rendered":"P\u00e9talos de papel"},"content":{"rendered":"<p>Dani es una chica normal. O lo era hasta que\u00a0<b>se la trag\u00f3 un libro<\/b>\u00a0<b>y lleg\u00f3 a<\/b>\u00a0Albi\u00f3n,\u00a0<b>una<\/b>\u00a0<b>dimensi\u00f3n regentada por una clase noble<\/b>\u00a0que, escondida entre risas fingidas y\u00a0<b>bailes a medianoche<\/b>, impone sus normas. Un mundo en el que los visitantes, como ella, son esclavos a la merced de la nobleza.<\/p>\n<p>Marcuses el heredero de la familia Abberlain y el \u00fanico con\u00a0<b>el poder de devolver a Dani<\/b>\u00a0<b>a<\/b>\u00a0<b>casa<\/b>, un\u00a0<b>don<\/b>\u00a0que muchos envidian y\u00a0<b>quisieran controlar a cualquier precio<\/b>. Un paso en falso y la vida que Marcus ha construido con tanto esmero, escudado detr\u00e1s de una m\u00e1scara de indiferencia, podr\u00eda derrumbarse a su alrededor.<\/p>\n<p>Cuando\u00a0<b>sus historias se entrelacen<\/b>, Dani y Marcus har\u00e1n temblar la bien asentada jerarqu\u00eda de Albi\u00f3n pero\u2026<\/p>\n<p>ALTERAR EL ORDEN ES PELIGROSO.<\/p>\n<p>Y NI SIQUIERA EL AMOR PUEDE DESAFIAR AL DESTINO.<\/p>\n","protected":false},"excerpt":{"rendered":"<p>Iria G. Parente y Selene M. Pascual<\/p>\n","protected":false},"featured_media":3660,"template":"","meta":{"_joinchat":[]},"product_brand":[],"product_cat":[52,35],"product_tag":[34],"class_list":{"0":"post-3659","1":"product","2":"type-product","3":"status-publish","4":"has-post-thumbnail","6":"product_cat-juvenil","7":"product_cat-romantica","8":"product_tag-penguin-random-house","10":"first","11":"outofstock","12":"shipping-taxable","13":"purchasable","14":"product-type-simple"},"_links":{"self":[{"href":"https:\/\/libreriahistoriasdebolsillo.com\/index.php\/wp-json\/wp\/v2\/product\/3659","targetHints":{"allow":["GET"]}}],"collection":[{"href":"https:\/\/libreriahistoriasdebolsillo.com\/index.php\/wp-json\/wp\/v2\/product"}],"about":[{"href":"https:\/\/libreriahistoriasdebolsillo.com\/index.php\/wp-json\/wp\/v2\/types\/product"}],"wp:featuredmedia":[{"embeddable":true,"href":"https:\/\/libreriahistoriasdebolsillo.com\/index.php\/wp-json\/wp\/v2\/media\/3660"}],"wp:attachment":[{"href":"https:\/\/libreriahistoriasdebolsillo.com\/index.php\/wp-json\/wp\/v2\/media?parent=3659"}],"wp:term":[{"taxonomy":"product_brand","embeddable":true,"href":"https:\/\/libreriahistoriasdebolsillo.com\/index.php\/wp-json\/wp\/v2\/product_brand?post=3659"},{"taxonomy":"product_cat","embeddable":true,"href":"https:\/\/libreriahistoriasdebolsillo.com\/index.php\/wp-json\/wp\/v2\/product_cat?post=3659"},{"taxonomy":"product_tag","embeddable":true,"href":"https:\/\/libreriahistoriasdebolsillo.com\/index.php\/wp-json\/wp\/v2\/product_tag?post=3659"}],"curies":[{"name":"wp","href":"https:\/\/api.w.org\/{rel}","templated":true}]}}