{"id":3661,"date":"2024-02-09T18:13:33","date_gmt":"2024-02-10T00:13:33","guid":{"rendered":"https:\/\/libreriahistoriasdebolsillo.com\/?post_type=product&#038;p=3661"},"modified":"2026-02-10T16:15:07","modified_gmt":"2026-02-10T22:15:07","slug":"el-viaje-de-los-colibries","status":"publish","type":"product","link":"https:\/\/libreriahistoriasdebolsillo.com\/index.php\/producto\/el-viaje-de-los-colibries\/","title":{"rendered":"El viaje de los colibr\u00edes"},"content":{"rendered":"<p><b>Ac\u00e9rcate a la nueva edici\u00f3n del fen\u00f3meno de la<\/b>\u00a0<b>autopublicaci\u00f3n de M\u00e9xico.<\/b><\/p>\n<p><b>Una novela para todos aquellos que no saben vivir en cautiverio.<\/b><\/p>\n<p>El\u00a0<b>viaje de los colibr\u00edes<\/b>\u00a0ocupa ya un lugar en los corazones de los lectores mexicanos, desde que\u00a0<b>Sue Zurita<\/b>\u00a0public\u00f3 una edici\u00f3n independiente hace ocho a\u00f1os con la que logr\u00f3 llegar a m\u00e1s de 70 mil personas. Esta nueva\u00a0<b>edici\u00f3n, revisada y actualizada<\/b>, incluye un\u00a0<b>cap\u00edtulo in\u00e9dito<\/b>:\u00a0<b>un nuevo final para Romina<\/b>. \u00bfQu\u00e9 fue de ella? \u00bfA d\u00f3nde fue? \u00bfQu\u00e9 experiencias vivi\u00f3? Todo ello se cuenta en el nuevo desenlace de la novela.<\/p>\n<p>La\u00a0<b>vida de Romina<\/b>\u00a0representa la de todos aquellos que sue\u00f1an con irse lejos y abrazar un nuevo futuro, con la principal ex-pectativa del amor y del encuentro consigo mismos.<\/p>\n<p>El viaje de los colibr\u00edes es un vuelo sin final, en el que Romina decide hacer diferentes escalas. En ellas conoce amigos, abre jaulas extra\u00f1as, descubre alas inesperadas y conquista el cielo que lleva dentro&#8230;<\/p>\n<p><b>Si una vez decidiste escapar&#8230;, \u00a1no dejes que nadie te atrape!<\/b><\/p>\n","protected":false},"excerpt":{"rendered":"<p>Sue Zurita<\/p>\n","protected":false},"featured_media":3662,"template":"","meta":{"_joinchat":[]},"product_brand":[],"product_cat":[33],"product_tag":[34],"class_list":{"0":"post-3661","1":"product","2":"type-product","3":"status-publish","4":"has-post-thumbnail","6":"product_cat-ficcion-general","7":"product_tag-penguin-random-house","9":"first","10":"outofstock","11":"shipping-taxable","12":"purchasable","13":"product-type-simple"},"_links":{"self":[{"href":"https:\/\/libreriahistoriasdebolsillo.com\/index.php\/wp-json\/wp\/v2\/product\/3661","targetHints":{"allow":["GET"]}}],"collection":[{"href":"https:\/\/libreriahistoriasdebolsillo.com\/index.php\/wp-json\/wp\/v2\/product"}],"about":[{"href":"https:\/\/libreriahistoriasdebolsillo.com\/index.php\/wp-json\/wp\/v2\/types\/product"}],"wp:featuredmedia":[{"embeddable":true,"href":"https:\/\/libreriahistoriasdebolsillo.com\/index.php\/wp-json\/wp\/v2\/media\/3662"}],"wp:attachment":[{"href":"https:\/\/libreriahistoriasdebolsillo.com\/index.php\/wp-json\/wp\/v2\/media?parent=3661"}],"wp:term":[{"taxonomy":"product_brand","embeddable":true,"href":"https:\/\/libreriahistoriasdebolsillo.com\/index.php\/wp-json\/wp\/v2\/product_brand?post=3661"},{"taxonomy":"product_cat","embeddable":true,"href":"https:\/\/libreriahistoriasdebolsillo.com\/index.php\/wp-json\/wp\/v2\/product_cat?post=3661"},{"taxonomy":"product_tag","embeddable":true,"href":"https:\/\/libreriahistoriasdebolsillo.com\/index.php\/wp-json\/wp\/v2\/product_tag?post=3661"}],"curies":[{"name":"wp","href":"https:\/\/api.w.org\/{rel}","templated":true}]}}