{"id":3665,"date":"2024-02-09T18:16:36","date_gmt":"2024-02-10T00:16:36","guid":{"rendered":"https:\/\/libreriahistoriasdebolsillo.com\/?post_type=product&#038;p=3665"},"modified":"2024-02-09T18:16:36","modified_gmt":"2024-02-10T00:16:36","slug":"la-bastarda-de-estambul","status":"publish","type":"product","link":"https:\/\/libreriahistoriasdebolsillo.com\/index.php\/producto\/la-bastarda-de-estambul\/","title":{"rendered":"La bastarda de Estambul"},"content":{"rendered":"<p><b>La recuperaci\u00f3n de uno de los grandes \u00e9xitos de la literatura femenina contempor\u00e1nea.<\/b><\/p>\n<p><b>Una novela que cabalga entre lo dom\u00e9stico y lo hist\u00f3rico y que evoca los colores, los aromas y la magia de las calles de Estambul.<\/b><\/p>\n<p>M\u00e1s que una ciudad,\u00a0<b>Estambul<\/b>\u00a0parece un gran barco de ruta incierta, cargado de pasajeros de distintas nacionalidades, lenguas y religiones. Esa es la imagen que acompa\u00f1a a la joven Armanoush, que viaja desde Arizona para visitar por primera vez la ciudad y\u00a0<b>descubrir sus or\u00edgenes<\/b>. Lo que ella a\u00fan no sabe es que su familia armenia y la de su padrastro turco estuvieron ligadas en el pasado, y que la vida en com\u00fan de los dos pueblos fue un d\u00eda apacible.<\/p>\n<p>Bien pronto\u00a0<b>Armanoush<\/b>\u00a0conocer\u00e1 a ese clan peculiar, donde solo hay mujeres porque los hombres tuvieron a bien morir j\u00f3venes o irse lejos para olvidar sus pecados. En el centro del retrato aparece Zeliha, la\u00a0<b>mujer rebelde<\/b>\u00a0que un d\u00eda qued\u00f3\u00a0<b>embarazada<\/b>\u00a0y decidi\u00f3 no abortar. Fue as\u00ed como naci\u00f3\u00a0<b>Asya<\/b>, que ahora tiene diecinueve a\u00f1os, y pronto ser\u00e1 amiga de Armanoush.<\/p>\n<p>La amistad entre las dos j\u00f3venes acabar\u00e1 revelando una historia vieja y turbia, una relaci\u00f3n que naci\u00f3 y muri\u00f3 en la pura desesperaci\u00f3n, pero las damas de la familia sabr\u00e1n c\u00f3mo resolver incluso este percance.<\/p>\n","protected":false},"excerpt":{"rendered":"<p>Elif Shafak<\/p>\n","protected":false},"featured_media":3666,"template":"","meta":{"_joinchat":[]},"product_brand":[],"product_cat":[33],"product_tag":[34],"class_list":{"0":"post-3665","1":"product","2":"type-product","3":"status-publish","4":"has-post-thumbnail","6":"product_cat-ficcion-general","7":"product_tag-penguin-random-house","9":"first","10":"outofstock","11":"shipping-taxable","12":"purchasable","13":"product-type-simple"},"_links":{"self":[{"href":"https:\/\/libreriahistoriasdebolsillo.com\/index.php\/wp-json\/wp\/v2\/product\/3665","targetHints":{"allow":["GET"]}}],"collection":[{"href":"https:\/\/libreriahistoriasdebolsillo.com\/index.php\/wp-json\/wp\/v2\/product"}],"about":[{"href":"https:\/\/libreriahistoriasdebolsillo.com\/index.php\/wp-json\/wp\/v2\/types\/product"}],"wp:featuredmedia":[{"embeddable":true,"href":"https:\/\/libreriahistoriasdebolsillo.com\/index.php\/wp-json\/wp\/v2\/media\/3666"}],"wp:attachment":[{"href":"https:\/\/libreriahistoriasdebolsillo.com\/index.php\/wp-json\/wp\/v2\/media?parent=3665"}],"wp:term":[{"taxonomy":"product_brand","embeddable":true,"href":"https:\/\/libreriahistoriasdebolsillo.com\/index.php\/wp-json\/wp\/v2\/product_brand?post=3665"},{"taxonomy":"product_cat","embeddable":true,"href":"https:\/\/libreriahistoriasdebolsillo.com\/index.php\/wp-json\/wp\/v2\/product_cat?post=3665"},{"taxonomy":"product_tag","embeddable":true,"href":"https:\/\/libreriahistoriasdebolsillo.com\/index.php\/wp-json\/wp\/v2\/product_tag?post=3665"}],"curies":[{"name":"wp","href":"https:\/\/api.w.org\/{rel}","templated":true}]}}