{"id":3667,"date":"2024-02-09T18:18:22","date_gmt":"2024-02-10T00:18:22","guid":{"rendered":"https:\/\/libreriahistoriasdebolsillo.com\/?post_type=product&#038;p=3667"},"modified":"2024-07-01T14:39:05","modified_gmt":"2024-07-01T20:39:05","slug":"forastera-1","status":"publish","type":"product","link":"https:\/\/libreriahistoriasdebolsillo.com\/index.php\/producto\/forastera-1\/","title":{"rendered":"Forastera 1"},"content":{"rendered":"<p>Reci\u00e9n acabada la\u00a0<b>Segunda Guerra Mundial<\/b>, una joven pareja se re\u00fane por fin para pasar sus vacaciones en Escocia. Una tarde, cuando pasea sola por la pradera, Claire se acerca a un c\u00edrculo de piedras antiqu\u00edsimas y cae de pronto en un\u00a0<b>extra\u00f1o trance<\/b>. Al volver en s\u00ed se encuentra con un panorama desconcertante:\u00a0<b>el mundo moderno ha desaparecido<\/b>, ahora la rodea la Escocia de 1734, con sus clanes beligerantes y supersticiosos, hombres y mujeres rudos, a veces violentos, pero con una capacidad de vivir y de amar como Claire jam\u00e1s hab\u00eda experimentado en su anterior vida. Acosada por los recuerdos, Claire tendr\u00e1 que elegir entre la\u00a0<b>seguridad del futuro<\/b>\u00a0que dej\u00f3 atr\u00e1s y la\u00a0<b>apasionante incertidumbre del pasado<\/b>\u00a0que ahora habita.<\/p>\n","protected":false},"excerpt":{"rendered":"<p>Diana Gabaldon<\/p>\n","protected":false},"featured_media":3668,"template":"","meta":{"_joinchat":[]},"product_brand":[],"product_cat":[56,35],"product_tag":[34],"class_list":{"0":"post-3667","1":"product","2":"type-product","3":"status-publish","4":"has-post-thumbnail","6":"product_cat-historica","7":"product_cat-romantica","8":"product_tag-penguin-random-house","10":"first","11":"outofstock","12":"shipping-taxable","13":"purchasable","14":"product-type-simple"},"_links":{"self":[{"href":"https:\/\/libreriahistoriasdebolsillo.com\/index.php\/wp-json\/wp\/v2\/product\/3667","targetHints":{"allow":["GET"]}}],"collection":[{"href":"https:\/\/libreriahistoriasdebolsillo.com\/index.php\/wp-json\/wp\/v2\/product"}],"about":[{"href":"https:\/\/libreriahistoriasdebolsillo.com\/index.php\/wp-json\/wp\/v2\/types\/product"}],"wp:featuredmedia":[{"embeddable":true,"href":"https:\/\/libreriahistoriasdebolsillo.com\/index.php\/wp-json\/wp\/v2\/media\/3668"}],"wp:attachment":[{"href":"https:\/\/libreriahistoriasdebolsillo.com\/index.php\/wp-json\/wp\/v2\/media?parent=3667"}],"wp:term":[{"taxonomy":"product_brand","embeddable":true,"href":"https:\/\/libreriahistoriasdebolsillo.com\/index.php\/wp-json\/wp\/v2\/product_brand?post=3667"},{"taxonomy":"product_cat","embeddable":true,"href":"https:\/\/libreriahistoriasdebolsillo.com\/index.php\/wp-json\/wp\/v2\/product_cat?post=3667"},{"taxonomy":"product_tag","embeddable":true,"href":"https:\/\/libreriahistoriasdebolsillo.com\/index.php\/wp-json\/wp\/v2\/product_tag?post=3667"}],"curies":[{"name":"wp","href":"https:\/\/api.w.org\/{rel}","templated":true}]}}