{"id":3669,"date":"2024-02-09T18:20:12","date_gmt":"2024-02-10T00:20:12","guid":{"rendered":"https:\/\/libreriahistoriasdebolsillo.com\/?post_type=product&#038;p=3669"},"modified":"2024-09-30T13:49:05","modified_gmt":"2024-09-30T19:49:05","slug":"cronicas-vampiricas-1-entrevista-con-el-vampiro","status":"publish","type":"product","link":"https:\/\/libreriahistoriasdebolsillo.com\/index.php\/producto\/cronicas-vampiricas-1-entrevista-con-el-vampiro\/","title":{"rendered":"Cr\u00f3nicas vamp\u00edricas 1. Entrevista con el vampiro"},"content":{"rendered":"<p><b>La mejor historia de vampiros jam\u00e1s escrita, despu\u00e9s de Dr\u00e1cula. Un cl\u00e1sico indiscutible de la fantas\u00eda oscura.<\/b><\/p>\n<p>Louis, un joven de\u00a0<b>Nueva Orleans<\/b>, atormentado por la culpa ante la muerte de su hermano menor, decide convertirse en eterno habitante de la noche gracias al amparo de Lestat, un misterioso visitante que le propone participar del Rito Oscuro. Pero ni siquiera la\u00a0<b>inmortalidad\u00a0<\/b>podr\u00e1 arrebatarle sus sentimientos m\u00e1s humanos, en especial el amor.<\/p>\n<p>\u00ab-Pero \u00bfcu\u00e1nta cinta tienes aqu\u00ed? -pregunt\u00f3 el vampiro y se dio la vuelta para que el muchacho pudiera verle el perfil-. \u00bfSuficiente para la historia de una vida?<\/p>\n<p>-Desde luego, si es una buena vida. A veces entrevisto hasta tres o cuatro personas en una noche si tengo suerte. Pero tiene que ser una buena historia. Eso es justo, \u00bfno le parece? -Sumamente justo -contest\u00f3 el vampiro-. Me gustar\u00eda contarte la historia de mi vida. Me gustar\u00eda mucho.\u00bb<\/p>\n","protected":false},"excerpt":{"rendered":"<p>Anne Rice<\/p>\n","protected":false},"featured_media":3670,"template":"","meta":{"_joinchat":[]},"product_brand":[],"product_cat":[39],"product_tag":[34],"class_list":{"0":"post-3669","1":"product","2":"type-product","3":"status-publish","4":"has-post-thumbnail","6":"product_cat-fantasia","7":"product_tag-penguin-random-house","9":"first","10":"outofstock","11":"shipping-taxable","12":"purchasable","13":"product-type-simple"},"_links":{"self":[{"href":"https:\/\/libreriahistoriasdebolsillo.com\/index.php\/wp-json\/wp\/v2\/product\/3669","targetHints":{"allow":["GET"]}}],"collection":[{"href":"https:\/\/libreriahistoriasdebolsillo.com\/index.php\/wp-json\/wp\/v2\/product"}],"about":[{"href":"https:\/\/libreriahistoriasdebolsillo.com\/index.php\/wp-json\/wp\/v2\/types\/product"}],"wp:featuredmedia":[{"embeddable":true,"href":"https:\/\/libreriahistoriasdebolsillo.com\/index.php\/wp-json\/wp\/v2\/media\/3670"}],"wp:attachment":[{"href":"https:\/\/libreriahistoriasdebolsillo.com\/index.php\/wp-json\/wp\/v2\/media?parent=3669"}],"wp:term":[{"taxonomy":"product_brand","embeddable":true,"href":"https:\/\/libreriahistoriasdebolsillo.com\/index.php\/wp-json\/wp\/v2\/product_brand?post=3669"},{"taxonomy":"product_cat","embeddable":true,"href":"https:\/\/libreriahistoriasdebolsillo.com\/index.php\/wp-json\/wp\/v2\/product_cat?post=3669"},{"taxonomy":"product_tag","embeddable":true,"href":"https:\/\/libreriahistoriasdebolsillo.com\/index.php\/wp-json\/wp\/v2\/product_tag?post=3669"}],"curies":[{"name":"wp","href":"https:\/\/api.w.org\/{rel}","templated":true}]}}