{"id":3674,"date":"2024-02-09T18:24:27","date_gmt":"2024-02-10T00:24:27","guid":{"rendered":"https:\/\/libreriahistoriasdebolsillo.com\/?post_type=product&#038;p=3674"},"modified":"2025-07-23T18:10:37","modified_gmt":"2025-07-24T00:10:37","slug":"jurassic-park","status":"publish","type":"product","link":"https:\/\/libreriahistoriasdebolsillo.com\/index.php\/producto\/jurassic-park\/","title":{"rendered":"Jurassic Park"},"content":{"rendered":"<p><b>En esta espectacular novela, los dinosaurios vuelven a conquistar la Tierra&#8230;<\/b><\/p>\n<p>En una\u00a0<b>isla remota<\/b>, un grupo de hombres y mujeres emprende una carrera contra el tiempo para evitar un desastre mundial provocado por la desmedida ambici\u00f3n de comercializar la ingenier\u00eda gen\u00e9tica. Pero todos los esfuerzos resultar\u00e1n vanos cuando el\u00a0<b>inescrupuloso proyecto\u00a0<\/b>quede fuera de control y el mundo a merced de unas bestias monstruosas&#8230;<\/p>\n<p><i>Parque Jur\u00e1sico<\/i>,la novela m\u00e1s c\u00e9lebre de Michael Crichton y una de las m\u00e1s le\u00eddas en los \u00faltimos a\u00f1os, fue\u00a0<b>adaptada al cine\u00a0<\/b>con enorme \u00e9xito por\u00a0<b>Steven Spielberg.<\/b><\/p>\n","protected":false},"excerpt":{"rendered":"<p>Michael Crichton<\/p>\n","protected":false},"featured_media":3675,"template":"","meta":{"_joinchat":[]},"product_brand":[],"product_cat":[40],"product_tag":[34],"class_list":{"0":"post-3674","1":"product","2":"type-product","3":"status-publish","4":"has-post-thumbnail","6":"product_cat-ciencia-ficcion","7":"product_tag-penguin-random-house","9":"first","10":"outofstock","11":"shipping-taxable","12":"purchasable","13":"product-type-simple"},"_links":{"self":[{"href":"https:\/\/libreriahistoriasdebolsillo.com\/index.php\/wp-json\/wp\/v2\/product\/3674","targetHints":{"allow":["GET"]}}],"collection":[{"href":"https:\/\/libreriahistoriasdebolsillo.com\/index.php\/wp-json\/wp\/v2\/product"}],"about":[{"href":"https:\/\/libreriahistoriasdebolsillo.com\/index.php\/wp-json\/wp\/v2\/types\/product"}],"wp:featuredmedia":[{"embeddable":true,"href":"https:\/\/libreriahistoriasdebolsillo.com\/index.php\/wp-json\/wp\/v2\/media\/3675"}],"wp:attachment":[{"href":"https:\/\/libreriahistoriasdebolsillo.com\/index.php\/wp-json\/wp\/v2\/media?parent=3674"}],"wp:term":[{"taxonomy":"product_brand","embeddable":true,"href":"https:\/\/libreriahistoriasdebolsillo.com\/index.php\/wp-json\/wp\/v2\/product_brand?post=3674"},{"taxonomy":"product_cat","embeddable":true,"href":"https:\/\/libreriahistoriasdebolsillo.com\/index.php\/wp-json\/wp\/v2\/product_cat?post=3674"},{"taxonomy":"product_tag","embeddable":true,"href":"https:\/\/libreriahistoriasdebolsillo.com\/index.php\/wp-json\/wp\/v2\/product_tag?post=3674"}],"curies":[{"name":"wp","href":"https:\/\/api.w.org\/{rel}","templated":true}]}}