{"id":3685,"date":"2024-02-14T14:14:10","date_gmt":"2024-02-14T20:14:10","guid":{"rendered":"https:\/\/libreriahistoriasdebolsillo.com\/?post_type=product&#038;p=3685"},"modified":"2025-11-26T18:53:02","modified_gmt":"2025-11-27T00:53:02","slug":"kingdom-of-three-1-la-estratega-de-la-citara","status":"publish","type":"product","link":"https:\/\/libreriahistoriasdebolsillo.com\/index.php\/producto\/kingdom-of-three-1-la-estratega-de-la-citara\/","title":{"rendered":"Kingdom of three 1. La estratega de la c\u00edtara"},"content":{"rendered":"<p>Estamos en el a\u00f1o 414 de la dinast\u00eda Xin y el caos campa a sus anchas. El trono est\u00e1 ocupado por una emperatriz que no es m\u00e1s que una marioneta. El reino se ha dividido en tres territorios y tres se\u00f1oras de la guerra esperan hacerse con todo. Pero C\u00e9firo sabe que no tiene competencia. De peque\u00f1a se qued\u00f3 hu\u00e9rfana y tuvo que tomar las riendas de su destino para convertirse en la mejor estratega del reino. Ahora sirve a Xin Ren, una se\u00f1ora de la guerra fiel a la emperatriz; pero aunque el sentido de la lealtad de Ren atrae a C\u00e9firo hacia su causa, tambi\u00e9n pone en peligro su supervivencia en una guerra en la que o traicionas o te traicionan. Al infiltrarse en el campamento enemigo para impedir que masacren a las personas de confianza de Ren, C\u00e9firo conoce al enigm\u00e1tico Cuervo, el primer estratega rival que est\u00e1 a su altura. Pero en este mundo hay m\u00e1s de un enemigo\u0085 y no todos son humanos.<\/p>\n","protected":false},"excerpt":{"rendered":"<p>Joan He<\/p>\n","protected":false},"featured_media":3686,"template":"","meta":{"_joinchat":[]},"product_brand":[],"product_cat":[39],"product_tag":[46],"class_list":{"0":"post-3685","1":"product","2":"type-product","3":"status-publish","4":"has-post-thumbnail","6":"product_cat-fantasia","7":"product_tag-ediciones-urano","9":"first","10":"outofstock","11":"shipping-taxable","12":"purchasable","13":"product-type-simple"},"_links":{"self":[{"href":"https:\/\/libreriahistoriasdebolsillo.com\/index.php\/wp-json\/wp\/v2\/product\/3685","targetHints":{"allow":["GET"]}}],"collection":[{"href":"https:\/\/libreriahistoriasdebolsillo.com\/index.php\/wp-json\/wp\/v2\/product"}],"about":[{"href":"https:\/\/libreriahistoriasdebolsillo.com\/index.php\/wp-json\/wp\/v2\/types\/product"}],"wp:featuredmedia":[{"embeddable":true,"href":"https:\/\/libreriahistoriasdebolsillo.com\/index.php\/wp-json\/wp\/v2\/media\/3686"}],"wp:attachment":[{"href":"https:\/\/libreriahistoriasdebolsillo.com\/index.php\/wp-json\/wp\/v2\/media?parent=3685"}],"wp:term":[{"taxonomy":"product_brand","embeddable":true,"href":"https:\/\/libreriahistoriasdebolsillo.com\/index.php\/wp-json\/wp\/v2\/product_brand?post=3685"},{"taxonomy":"product_cat","embeddable":true,"href":"https:\/\/libreriahistoriasdebolsillo.com\/index.php\/wp-json\/wp\/v2\/product_cat?post=3685"},{"taxonomy":"product_tag","embeddable":true,"href":"https:\/\/libreriahistoriasdebolsillo.com\/index.php\/wp-json\/wp\/v2\/product_tag?post=3685"}],"curies":[{"name":"wp","href":"https:\/\/api.w.org\/{rel}","templated":true}]}}