{"id":3687,"date":"2024-02-14T14:20:48","date_gmt":"2024-02-14T20:20:48","guid":{"rendered":"https:\/\/libreriahistoriasdebolsillo.com\/?post_type=product&#038;p=3687"},"modified":"2025-02-22T16:53:28","modified_gmt":"2025-02-22T22:53:28","slug":"las-mujeres-weyward","status":"publish","type":"product","link":"https:\/\/libreriahistoriasdebolsillo.com\/index.php\/producto\/las-mujeres-weyward\/","title":{"rendered":"Las mujeres Weyward"},"content":{"rendered":"<p>Intentaron encerrarnos. Pero una mujer Weyward tiene una naturaleza salvaje en su interior. Nadie nos va a controlar\u00bb.<\/p>\n<p>2019: Kate se marcha de Londres y lo abandona todo para mudarse a la caba\u00f1a Weyward, que ha heredado de su t\u00eda abuela. Con sus cascadas de hiedra y su jard\u00edn descuidado, la caba\u00f1a est\u00e1 a un mundo de distancia de la pareja abusiva que la atormentaba. Pero Kate empieza a sospechar que se esconde un secreto en los cimientos del lugar, oculto desde las cazas de brujas del siglo XVII.<\/p>\n<p>1619: Altha se enfrenta a un juicio por el asesinato de un granjero del pueblo. De peque\u00f1a, su madre le ense\u00f1\u00f3 magia, una basada en un conocimiento profundo del mundo natural. Pero las mujeres peculiares siempre han sido consideradas peligrosas, y cuando se presentan pruebas de su brujer\u00eda, sabe que necesitar\u00e1 todos sus poderes para mantener la libertad.<\/p>\n<p>1942: En medio de la Segunda Guerra Mundial, Violet est\u00e1 atrapada en la gran finca de su familia. Atrapada por las convenciones sociales, desea dos cosas: la educaci\u00f3n que su hermano recibe y a su madre, fallecida hace tiempo, que se dice que enloqueci\u00f3 antes de morir. El \u00fanico rastro que Violet tiene de ella es el medall\u00f3n con una W y la palabra \u00abWeyward\u00bb grabada en el revestimiento de su habitaci\u00f3n.<\/p>\n","protected":false},"excerpt":{"rendered":"<p>Emilia Hart<\/p>\n","protected":false},"featured_media":3688,"template":"","meta":{"_joinchat":[]},"product_brand":[],"product_cat":[39],"product_tag":[46],"class_list":{"0":"post-3687","1":"product","2":"type-product","3":"status-publish","4":"has-post-thumbnail","6":"product_cat-fantasia","7":"product_tag-ediciones-urano","9":"first","10":"outofstock","11":"shipping-taxable","12":"purchasable","13":"product-type-simple"},"_links":{"self":[{"href":"https:\/\/libreriahistoriasdebolsillo.com\/index.php\/wp-json\/wp\/v2\/product\/3687","targetHints":{"allow":["GET"]}}],"collection":[{"href":"https:\/\/libreriahistoriasdebolsillo.com\/index.php\/wp-json\/wp\/v2\/product"}],"about":[{"href":"https:\/\/libreriahistoriasdebolsillo.com\/index.php\/wp-json\/wp\/v2\/types\/product"}],"wp:featuredmedia":[{"embeddable":true,"href":"https:\/\/libreriahistoriasdebolsillo.com\/index.php\/wp-json\/wp\/v2\/media\/3688"}],"wp:attachment":[{"href":"https:\/\/libreriahistoriasdebolsillo.com\/index.php\/wp-json\/wp\/v2\/media?parent=3687"}],"wp:term":[{"taxonomy":"product_brand","embeddable":true,"href":"https:\/\/libreriahistoriasdebolsillo.com\/index.php\/wp-json\/wp\/v2\/product_brand?post=3687"},{"taxonomy":"product_cat","embeddable":true,"href":"https:\/\/libreriahistoriasdebolsillo.com\/index.php\/wp-json\/wp\/v2\/product_cat?post=3687"},{"taxonomy":"product_tag","embeddable":true,"href":"https:\/\/libreriahistoriasdebolsillo.com\/index.php\/wp-json\/wp\/v2\/product_tag?post=3687"}],"curies":[{"name":"wp","href":"https:\/\/api.w.org\/{rel}","templated":true}]}}