{"id":3693,"date":"2024-02-14T14:29:08","date_gmt":"2024-02-14T20:29:08","guid":{"rendered":"https:\/\/libreriahistoriasdebolsillo.com\/?post_type=product&#038;p=3693"},"modified":"2024-02-14T14:29:08","modified_gmt":"2024-02-14T20:29:08","slug":"las-cinco-coronas-de-okrith-1-la-corte-de-la-alta-montana","status":"publish","type":"product","link":"https:\/\/libreriahistoriasdebolsillo.com\/index.php\/producto\/las-cinco-coronas-de-okrith-1-la-corte-de-la-alta-montana\/","title":{"rendered":"Las cinco coronas de Okrith 1. La corte de la alta monta\u00f1a"},"content":{"rendered":"<div class=\"hidden-xs hidden-sm\">\n<div class=\"so-share\">\n<div class=\"share-links jssocials\">\n<div class=\"jssocials-shares\">\n<div class=\"jssocials-share jssocials-share-email\">La corte de la alta monta\u00f1a es la primera entrega de la serie Las cinco coronas de Okrith, una historia llena de romance, intriga, magia y pasi\u00f3n. Durante trece a\u00f1os, Remy ha sabido que posiblemente sea la \u00faltima bruja roja que queda con vida, y est\u00e1 decidida a seguir as\u00ed. Pero el rey de la corte Norte, que ha masacrado a su familia y ofrecido una recompensa por capturar a todas las brujas rojas, tiene intenci\u00f3n de destruirlas de una vez por todas. Cuando cuatro guerreros fae entran en el refugio secreto de Remy, ella intenta huir, pero su magia no es lo suficientemente fuerte para detener al decidido y apuesto pr\u00edncipe Hale de la corte Este. Hale asegura que quiere detener la guerra con la corte Norte antes de que su reino sucumba al mismo destino que Remy. Y, para hacerlo, necesita a una bruja roja&#8230; y ella podr\u00eda ser la \u00fanica persona capaz de ayudarlo. Pero, aunque siente atracci\u00f3n por el pr\u00edncipe, \u00bfrealmente puede confiar en \u00e9l? \u00bfPuede su corte realmente ser rescatada de las diab\u00f3licas garras de rey de la corte Norte? \u00bfAcaso tiene elecci\u00f3n? Para intentar salvarse a s\u00ed misma, a su gente y ayudar al mundo a deshacerse de un tirano asesino, Remy deber\u00e1 depositar su fe en Hale y en sus compa\u00f1eros en una peligrosa b\u00fasqueda para encontrar las reliquias perdidas&#8230; y descubrir si est\u00e1 preparada para asegurar su legado.<\/div>\n<\/div>\n<\/div>\n<\/div>\n<\/div>\n","protected":false},"excerpt":{"rendered":"<p>A.K. Mulford<\/p>\n","protected":false},"featured_media":3694,"template":"","meta":{"_joinchat":[]},"product_brand":[],"product_cat":[39],"product_tag":[46],"class_list":{"0":"post-3693","1":"product","2":"type-product","3":"status-publish","4":"has-post-thumbnail","6":"product_cat-fantasia","7":"product_tag-ediciones-urano","9":"first","10":"instock","11":"shipping-taxable","12":"purchasable","13":"product-type-simple"},"_links":{"self":[{"href":"https:\/\/libreriahistoriasdebolsillo.com\/index.php\/wp-json\/wp\/v2\/product\/3693","targetHints":{"allow":["GET"]}}],"collection":[{"href":"https:\/\/libreriahistoriasdebolsillo.com\/index.php\/wp-json\/wp\/v2\/product"}],"about":[{"href":"https:\/\/libreriahistoriasdebolsillo.com\/index.php\/wp-json\/wp\/v2\/types\/product"}],"wp:featuredmedia":[{"embeddable":true,"href":"https:\/\/libreriahistoriasdebolsillo.com\/index.php\/wp-json\/wp\/v2\/media\/3694"}],"wp:attachment":[{"href":"https:\/\/libreriahistoriasdebolsillo.com\/index.php\/wp-json\/wp\/v2\/media?parent=3693"}],"wp:term":[{"taxonomy":"product_brand","embeddable":true,"href":"https:\/\/libreriahistoriasdebolsillo.com\/index.php\/wp-json\/wp\/v2\/product_brand?post=3693"},{"taxonomy":"product_cat","embeddable":true,"href":"https:\/\/libreriahistoriasdebolsillo.com\/index.php\/wp-json\/wp\/v2\/product_cat?post=3693"},{"taxonomy":"product_tag","embeddable":true,"href":"https:\/\/libreriahistoriasdebolsillo.com\/index.php\/wp-json\/wp\/v2\/product_tag?post=3693"}],"curies":[{"name":"wp","href":"https:\/\/api.w.org\/{rel}","templated":true}]}}