{"id":3695,"date":"2024-02-14T14:32:03","date_gmt":"2024-02-14T20:32:03","guid":{"rendered":"https:\/\/libreriahistoriasdebolsillo.com\/?post_type=product&#038;p=3695"},"modified":"2025-11-26T18:09:13","modified_gmt":"2025-11-27T00:09:13","slug":"el-senor-numero-desconocido","status":"publish","type":"product","link":"https:\/\/libreriahistoriasdebolsillo.com\/index.php\/producto\/el-senor-numero-desconocido\/","title":{"rendered":"El se\u00f1or n\u00famero desconocido"},"content":{"rendered":"<p>Las cosas se ponen interesantes cuando llega una mensaje apasionado de un n\u00famero desconocido. En esta divertida romcom de Lynn Painter, el se\u00f1or N\u00famero Desconocido se convierte en una relaci\u00f3n an\u00f3nima de lo m\u00e1s \u00edntima y excitante. A Olivia Marshall siempre le ha perseguido la mala suerte\u0085 o quiz\u00e1s simplemente sea tan torpe como su familia cree. Pero cuando recibe un mensaje de un n\u00famero desconocido pregunt\u00e1ndole qu\u00e9 lleva puesto, acaba convirti\u00e9ndose en la relaci\u00f3n m\u00e1s apasionada y entretenida que ha tenido en su vida, aunque haya empezado por error. \u00bfPodr\u00eda estar cambiando su suerte? Colin Beck siempre ha considerado a Olivia la irritante hermana peque\u00f1a de su mejor amigo. Sin embargo, cuando esta se ve obligada a mudarse con ellos, Colin descubre que, con los a\u00f1os, se ha convertido en una chica diferente\u0085 y tremendamente sexy. Est\u00e1 seguro de que podr\u00e1 mantener las distancias, hasta el momento en que descubre que ella es la misteriosa desconocida con la que ha estado intercambiando mensajes subiendo, de tono durante semanas. Ahora deber\u00e1 decidir si hacer que la temperatura siga subiendo o bien mantenerse en el anonimato y desaparecer antes de que las cosas se compliquen a\u00fan m\u00e1s.<\/p>\n<p>\u00abEl libro m\u00e1s hilarante, travieso y rebosante de tensi\u00f3n sexual que he le\u00eddo en mucho tiempo. Te reto a que no te enamores de Olivia y de Colin; pero, sobre todo, te reto a que no te enamores de la manera de escribir de Lynn Painter\u00bb.<\/p>\n<p>ALI HAZELWOOD, autora de LA HIP\u00d3TESIS DEL AMOR<\/p>\n","protected":false},"excerpt":{"rendered":"<p>Lynn Painter<\/p>\n","protected":false},"featured_media":3696,"template":"","meta":{"_joinchat":[]},"product_brand":[],"product_cat":[35],"product_tag":[46],"class_list":{"0":"post-3695","1":"product","2":"type-product","3":"status-publish","4":"has-post-thumbnail","6":"product_cat-romantica","7":"product_tag-ediciones-urano","9":"first","10":"outofstock","11":"shipping-taxable","12":"purchasable","13":"product-type-simple"},"_links":{"self":[{"href":"https:\/\/libreriahistoriasdebolsillo.com\/index.php\/wp-json\/wp\/v2\/product\/3695","targetHints":{"allow":["GET"]}}],"collection":[{"href":"https:\/\/libreriahistoriasdebolsillo.com\/index.php\/wp-json\/wp\/v2\/product"}],"about":[{"href":"https:\/\/libreriahistoriasdebolsillo.com\/index.php\/wp-json\/wp\/v2\/types\/product"}],"wp:featuredmedia":[{"embeddable":true,"href":"https:\/\/libreriahistoriasdebolsillo.com\/index.php\/wp-json\/wp\/v2\/media\/3696"}],"wp:attachment":[{"href":"https:\/\/libreriahistoriasdebolsillo.com\/index.php\/wp-json\/wp\/v2\/media?parent=3695"}],"wp:term":[{"taxonomy":"product_brand","embeddable":true,"href":"https:\/\/libreriahistoriasdebolsillo.com\/index.php\/wp-json\/wp\/v2\/product_brand?post=3695"},{"taxonomy":"product_cat","embeddable":true,"href":"https:\/\/libreriahistoriasdebolsillo.com\/index.php\/wp-json\/wp\/v2\/product_cat?post=3695"},{"taxonomy":"product_tag","embeddable":true,"href":"https:\/\/libreriahistoriasdebolsillo.com\/index.php\/wp-json\/wp\/v2\/product_tag?post=3695"}],"curies":[{"name":"wp","href":"https:\/\/api.w.org\/{rel}","templated":true}]}}