{"id":3698,"date":"2024-02-14T14:35:02","date_gmt":"2024-02-14T20:35:02","guid":{"rendered":"https:\/\/libreriahistoriasdebolsillo.com\/?post_type=product&#038;p=3698"},"modified":"2025-11-26T18:09:19","modified_gmt":"2025-11-27T00:09:19","slug":"atalanta","status":"publish","type":"product","link":"https:\/\/libreriahistoriasdebolsillo.com\/index.php\/producto\/atalanta\/","title":{"rendered":"Atalanta"},"content":{"rendered":"<p>RECHAZADA POR SUS PADRES, CRIADA POR UNA OSA, BENDECIDA POR UNA DIOSA . Cuando nace Atalanta, la hija del rey de Arcadia, solo trae decepci\u00f3n. Sus padres esperaban un var\u00f3n. Abandonada en la ladera de una monta\u00f1a, la peque\u00f1a e indefensa Atalanta queda a merced de una osa que la cr\u00eda junto a sus oseznos bajo la mirada protectora de la diosa Artemisa. Cuando crece, Atalanta jura que demostrar\u00e1 su val\u00eda junto a los h\u00e9roes m\u00e1s famosos de Grecia y abandona el bosque para unirse al grupo de argonautas de Jas\u00f3n. Pero \u00bfpodr\u00e1 hacerse un hueco entre las leyendas de un mundo dise\u00f1ado para los hombres?<\/p>\n","protected":false},"excerpt":{"rendered":"<p>Jennifer Saint<\/p>\n","protected":false},"featured_media":3699,"template":"","meta":{"_joinchat":[]},"product_brand":[],"product_cat":[39,75],"product_tag":[46],"class_list":{"0":"post-3698","1":"product","2":"type-product","3":"status-publish","4":"has-post-thumbnail","6":"product_cat-fantasia","7":"product_cat-mitologia","8":"product_tag-ediciones-urano","10":"first","11":"outofstock","12":"shipping-taxable","13":"purchasable","14":"product-type-simple"},"_links":{"self":[{"href":"https:\/\/libreriahistoriasdebolsillo.com\/index.php\/wp-json\/wp\/v2\/product\/3698","targetHints":{"allow":["GET"]}}],"collection":[{"href":"https:\/\/libreriahistoriasdebolsillo.com\/index.php\/wp-json\/wp\/v2\/product"}],"about":[{"href":"https:\/\/libreriahistoriasdebolsillo.com\/index.php\/wp-json\/wp\/v2\/types\/product"}],"wp:featuredmedia":[{"embeddable":true,"href":"https:\/\/libreriahistoriasdebolsillo.com\/index.php\/wp-json\/wp\/v2\/media\/3699"}],"wp:attachment":[{"href":"https:\/\/libreriahistoriasdebolsillo.com\/index.php\/wp-json\/wp\/v2\/media?parent=3698"}],"wp:term":[{"taxonomy":"product_brand","embeddable":true,"href":"https:\/\/libreriahistoriasdebolsillo.com\/index.php\/wp-json\/wp\/v2\/product_brand?post=3698"},{"taxonomy":"product_cat","embeddable":true,"href":"https:\/\/libreriahistoriasdebolsillo.com\/index.php\/wp-json\/wp\/v2\/product_cat?post=3698"},{"taxonomy":"product_tag","embeddable":true,"href":"https:\/\/libreriahistoriasdebolsillo.com\/index.php\/wp-json\/wp\/v2\/product_tag?post=3698"}],"curies":[{"name":"wp","href":"https:\/\/api.w.org\/{rel}","templated":true}]}}