{"id":3700,"date":"2024-02-14T14:37:41","date_gmt":"2024-02-14T20:37:41","guid":{"rendered":"https:\/\/libreriahistoriasdebolsillo.com\/?post_type=product&#038;p=3700"},"modified":"2025-11-26T18:09:25","modified_gmt":"2025-11-27T00:09:25","slug":"las-cinco-coronas-de-okrith-2-la-espada-de-las-brujas","status":"publish","type":"product","link":"https:\/\/libreriahistoriasdebolsillo.com\/index.php\/producto\/las-cinco-coronas-de-okrith-2-la-espada-de-las-brujas\/","title":{"rendered":"Las cinco coronas de Okrith 2. La espada de las brujas"},"content":{"rendered":"<p>UNA ESPADA M\u00c1GICA.<\/p>\n<p>UNA MALDICI\u00d3N PODEROSA.<\/p>\n<p>UNA PRINCESA FAE CON UN GRAN POTENCIAL.<\/p>\n<p>Y UN CONTINENTE EN LLAMAS&#8230;<\/p>\n<p>Ruadora Dammacus, una joven de dieciocho a\u00f1os, posee la Hoja Inmortal, un artefacto poderoso que podr\u00eda ser suficiente para acabar con la cruel opresi\u00f3n que amenaza el territorio. Sin embargo, cuando Rua descubre que el t\u00edo del rey de la corte Norte no solo est\u00e1 vivo, sino que tambi\u00e9n ha hechizado al ej\u00e9rcito de las brujas azules, se da cuenta de que la batalla apenas ha comenzado. Al adentrarse en la corte Norte, Rua se ve obligada a trabajar de cerca con su joven rey. Sus problemas van en aumento, y el apuesto (y quiz\u00e1 malvado) rey es solo uno de ellos. Con los ojos de su nueva familia puestos sobre ella, \u00bfpodr\u00e1 Rua demostrar que es digna de la Hoja Inmortal y romper la maldici\u00f3n de las brujas azules, o acaso la magia ser\u00e1 demasiado dif\u00edcil de controlar? Y, tal vez a\u00fan m\u00e1s peligrosa, es su creciente conexi\u00f3n con el rey del Norte y lo que eso significa para su gente\u0085 y su coraz\u00f3n.<\/p>\n","protected":false},"excerpt":{"rendered":"<p>A.K. Mulford<\/p>\n","protected":false},"featured_media":3701,"template":"","meta":{"_joinchat":[]},"product_brand":[],"product_cat":[39],"product_tag":[46],"class_list":{"0":"post-3700","1":"product","2":"type-product","3":"status-publish","4":"has-post-thumbnail","6":"product_cat-fantasia","7":"product_tag-ediciones-urano","9":"first","10":"instock","11":"shipping-taxable","12":"purchasable","13":"product-type-simple"},"_links":{"self":[{"href":"https:\/\/libreriahistoriasdebolsillo.com\/index.php\/wp-json\/wp\/v2\/product\/3700","targetHints":{"allow":["GET"]}}],"collection":[{"href":"https:\/\/libreriahistoriasdebolsillo.com\/index.php\/wp-json\/wp\/v2\/product"}],"about":[{"href":"https:\/\/libreriahistoriasdebolsillo.com\/index.php\/wp-json\/wp\/v2\/types\/product"}],"wp:featuredmedia":[{"embeddable":true,"href":"https:\/\/libreriahistoriasdebolsillo.com\/index.php\/wp-json\/wp\/v2\/media\/3701"}],"wp:attachment":[{"href":"https:\/\/libreriahistoriasdebolsillo.com\/index.php\/wp-json\/wp\/v2\/media?parent=3700"}],"wp:term":[{"taxonomy":"product_brand","embeddable":true,"href":"https:\/\/libreriahistoriasdebolsillo.com\/index.php\/wp-json\/wp\/v2\/product_brand?post=3700"},{"taxonomy":"product_cat","embeddable":true,"href":"https:\/\/libreriahistoriasdebolsillo.com\/index.php\/wp-json\/wp\/v2\/product_cat?post=3700"},{"taxonomy":"product_tag","embeddable":true,"href":"https:\/\/libreriahistoriasdebolsillo.com\/index.php\/wp-json\/wp\/v2\/product_tag?post=3700"}],"curies":[{"name":"wp","href":"https:\/\/api.w.org\/{rel}","templated":true}]}}