{"id":3702,"date":"2024-02-14T14:40:55","date_gmt":"2024-02-14T20:40:55","guid":{"rendered":"https:\/\/libreriahistoriasdebolsillo.com\/?post_type=product&#038;p=3702"},"modified":"2025-11-26T18:09:31","modified_gmt":"2025-11-27T00:09:31","slug":"bajo-la-luz-de-las-estrellas","status":"publish","type":"product","link":"https:\/\/libreriahistoriasdebolsillo.com\/index.php\/producto\/bajo-la-luz-de-las-estrellas\/","title":{"rendered":"Bajo la luz de las estrellas"},"content":{"rendered":"<p>Una prosa v\u00edvida y po\u00e9tica le da vida a esta reinterpretaci\u00f3n de Romeo y Julieta como un drama sobre el paso a la edad adulta, el romance queer y las familias encontradas. Una lectura deliciosa y rom\u00e1ntica.<\/p>\n<p><span class=\"a-text-bold\">Verona, Italia.<\/span><\/p>\n<p>Romeo sue\u00f1a con una vida tranquila junto a alguien que lo ame tal y como es. Pero como heredero de la familia Montesco, se espera que olvide sus sue\u00f1os art\u00edsticos y preserve el honor de la familia; en especial, en lo que respecta a la centenaria enemistad con los Capuleto. Y lo que m\u00e1s le pesa: se espera que se case con una joven de buena familia. Sin embargo, cuanto m\u00e1s se relaciona con posibles candidatas, m\u00e1s le cuesta mantener oculto su mayor secreto: solo se siente atra\u00eddo por otros chicos.<\/p>\n<p>En un intento de olvidar sus problemas, Romeo y su primo se cuelan furtivamente en una fiesta de los Capuleto. Durante un encuentro casual, conoce a Valentino, el chico m\u00e1s atractivo y amable que jam\u00e1s haya visto. Y, para su sorpresa, puede que\u00a0<span class=\"a-text-bold\">Valentino<\/span>\u00a0sienta lo mismo por \u00e9l.<\/p>\n<p>As\u00ed da comienzo un tierno romance que los j\u00f3venes deben ocultar a sus respectivas familias y amigos, mientras sue\u00f1an con vivir en un mundo donde puedan estar juntos. A medida que el conflicto entre los Montesco y los Capuleto se intensifica, Romeo y Valentino tendr\u00e1n que enfrentarse al peligro de perderse el uno al otro para siempre; si no es por culpa de la sociedad, quiz\u00e1s por el filo de una espada.<\/p>\n","protected":false},"excerpt":{"rendered":"<p>Caleb Roehrig<\/p>\n","protected":false},"featured_media":3703,"template":"","meta":{"_joinchat":[]},"product_brand":[],"product_cat":[52,38,35],"product_tag":[46],"class_list":{"0":"post-3702","1":"product","2":"type-product","3":"status-publish","4":"has-post-thumbnail","6":"product_cat-juvenil","7":"product_cat-lgbtq","8":"product_cat-romantica","9":"product_tag-ediciones-urano","11":"first","12":"outofstock","13":"shipping-taxable","14":"purchasable","15":"product-type-simple"},"_links":{"self":[{"href":"https:\/\/libreriahistoriasdebolsillo.com\/index.php\/wp-json\/wp\/v2\/product\/3702","targetHints":{"allow":["GET"]}}],"collection":[{"href":"https:\/\/libreriahistoriasdebolsillo.com\/index.php\/wp-json\/wp\/v2\/product"}],"about":[{"href":"https:\/\/libreriahistoriasdebolsillo.com\/index.php\/wp-json\/wp\/v2\/types\/product"}],"wp:featuredmedia":[{"embeddable":true,"href":"https:\/\/libreriahistoriasdebolsillo.com\/index.php\/wp-json\/wp\/v2\/media\/3703"}],"wp:attachment":[{"href":"https:\/\/libreriahistoriasdebolsillo.com\/index.php\/wp-json\/wp\/v2\/media?parent=3702"}],"wp:term":[{"taxonomy":"product_brand","embeddable":true,"href":"https:\/\/libreriahistoriasdebolsillo.com\/index.php\/wp-json\/wp\/v2\/product_brand?post=3702"},{"taxonomy":"product_cat","embeddable":true,"href":"https:\/\/libreriahistoriasdebolsillo.com\/index.php\/wp-json\/wp\/v2\/product_cat?post=3702"},{"taxonomy":"product_tag","embeddable":true,"href":"https:\/\/libreriahistoriasdebolsillo.com\/index.php\/wp-json\/wp\/v2\/product_tag?post=3702"}],"curies":[{"name":"wp","href":"https:\/\/api.w.org\/{rel}","templated":true}]}}