{"id":3704,"date":"2024-02-14T14:43:13","date_gmt":"2024-02-14T20:43:13","guid":{"rendered":"https:\/\/libreriahistoriasdebolsillo.com\/?post_type=product&#038;p=3704"},"modified":"2025-11-26T18:09:40","modified_gmt":"2025-11-27T00:09:40","slug":"la-esencia-de-nuestras-almas","status":"publish","type":"product","link":"https:\/\/libreriahistoriasdebolsillo.com\/index.php\/producto\/la-esencia-de-nuestras-almas\/","title":{"rendered":"La esencia de nuestras almas"},"content":{"rendered":"<p>Un retelling de Cumbres borrascosas.<\/p>\n<p>A veces, lo que perdemos encuentra el camino de vuelta a casa\u0085 Yorkshire, norte de Inglaterra, 1786. Heathcliff, el hijo abandonado de un navegante de la India, ha sido considerado un forastero casi toda su vida. Ahora est\u00e1 abocado a una existencia que le resulta ajena en los p\u00e1ramos de Yorkshire, donde se aferra al idioma de su padre, aunque los ni\u00f1os de la casa lo llamen \u00abanimal\u00bb y las criadas aseguren que sus expresiones son un galimat\u00edas. Catherine es la hija menor del propietario de la finca; una joven de cuya madre nadie habla. Su padre la est\u00e1 preparando para que se abra paso en la sociedad, y eso es todo cuanto importa. Catherine sabe que debe convertirse en una mujer hermosa, buena y casadera, aunque eso destruya su esp\u00edritu. Mientras buscan refugio en los p\u00e1ramos para escapar de los juiciosajenos y recordar el idioma de la familia que no han llegado a conocer, Catherine y Heathcliff encuentran consuelo el uno en el otro. En el fondo de sus almas, sienten que son iguales. Pero cuando el padre de Catherine fallece y la familia empieza a tratara Heathcliff con m\u00e1s crueldad, la relaci\u00f3n entre ambos se tensa y amenaza con desmoronarse. Porque \u00bfc\u00f3mo podr\u00edan llegar a estar juntos si amarse (y, de hecho, amarse a s\u00ed mismos) ser\u00eda como lanzarse a una vida de pobreza y muerte?<\/p>\n","protected":false},"excerpt":{"rendered":"<p>Tasha Suri<\/p>\n","protected":false},"featured_media":3705,"template":"","meta":{"_joinchat":[]},"product_brand":[],"product_cat":[52,35],"product_tag":[46],"class_list":{"0":"post-3704","1":"product","2":"type-product","3":"status-publish","4":"has-post-thumbnail","6":"product_cat-juvenil","7":"product_cat-romantica","8":"product_tag-ediciones-urano","10":"first","11":"instock","12":"shipping-taxable","13":"purchasable","14":"product-type-simple"},"_links":{"self":[{"href":"https:\/\/libreriahistoriasdebolsillo.com\/index.php\/wp-json\/wp\/v2\/product\/3704","targetHints":{"allow":["GET"]}}],"collection":[{"href":"https:\/\/libreriahistoriasdebolsillo.com\/index.php\/wp-json\/wp\/v2\/product"}],"about":[{"href":"https:\/\/libreriahistoriasdebolsillo.com\/index.php\/wp-json\/wp\/v2\/types\/product"}],"wp:featuredmedia":[{"embeddable":true,"href":"https:\/\/libreriahistoriasdebolsillo.com\/index.php\/wp-json\/wp\/v2\/media\/3705"}],"wp:attachment":[{"href":"https:\/\/libreriahistoriasdebolsillo.com\/index.php\/wp-json\/wp\/v2\/media?parent=3704"}],"wp:term":[{"taxonomy":"product_brand","embeddable":true,"href":"https:\/\/libreriahistoriasdebolsillo.com\/index.php\/wp-json\/wp\/v2\/product_brand?post=3704"},{"taxonomy":"product_cat","embeddable":true,"href":"https:\/\/libreriahistoriasdebolsillo.com\/index.php\/wp-json\/wp\/v2\/product_cat?post=3704"},{"taxonomy":"product_tag","embeddable":true,"href":"https:\/\/libreriahistoriasdebolsillo.com\/index.php\/wp-json\/wp\/v2\/product_tag?post=3704"}],"curies":[{"name":"wp","href":"https:\/\/api.w.org\/{rel}","templated":true}]}}