{"id":3716,"date":"2024-02-19T12:39:22","date_gmt":"2024-02-19T18:39:22","guid":{"rendered":"https:\/\/libreriahistoriasdebolsillo.com\/?post_type=product&#038;p=3716"},"modified":"2024-05-13T12:01:53","modified_gmt":"2024-05-13T18:01:53","slug":"el-tenedor-la-hechicera-y-el-dragon","status":"publish","type":"product","link":"https:\/\/libreriahistoriasdebolsillo.com\/index.php\/producto\/el-tenedor-la-hechicera-y-el-dragon\/","title":{"rendered":"El tenedor, la hechicera y el drag\u00f3n"},"content":{"rendered":"<p>Ha pasado un a\u00f1o desde que\u00a0<b>Eragon\u00a0<\/b>parti\u00f3 de Alaga\u00ebsia en busca del hogar perfecto para entrenar a una nueva generaci\u00f3n de\u00a0<b>Jinetes de Drag\u00f3n.\u00a0<\/b>Ahora debe de hacer frente a un mar de tareas que parecen no tener fin: construir un enorme refugio para dragones, lidiar con proveedores, custodiar huevos de drag\u00f3n y enfrentarse con<b>\u00a0\u00fargalos beligerantes y elfos arrogantes<\/b>. Pero ahora, una visi\u00f3n de los eldunar\u00ed trae consigo visitas inesperadas; una extraordinaria leyenda \u00fargala, que aportar\u00e1 una distracci\u00f3n m\u00e1s que necesaria, as\u00ed como una nueva perspectiva a la vida de Eragon.<\/p>\n<p>Este volumen incluye\u00a0<b>tres maravillosas historias originales<\/b>\u00a0del mundo de Alaga\u00ebsia, entremezcladas con escenas de las propias aventuras de Eragon. Incluye tambi\u00e9n un extracto de la inolvidable<b>\u00a0hechicera Angela la herbolaria<\/b>, escrita por Angela Paolini, un personaje inspirado en ella misma.<\/p>\n<p>Disfruta una vez m\u00e1s de la incomparable imaginaci\u00f3n de Christopher Paolini en estaemocionante colecci\u00f3n de historias en el mundo del ciclo El legado, que incluye nuevas\u00a0<b>piezas de arte realizadas por el propio autor.<\/b><\/p>\n","protected":false},"excerpt":{"rendered":"<p>Christopher Paolini<\/p>\n","protected":false},"featured_media":3717,"template":"","meta":{"_joinchat":[]},"product_brand":[],"product_cat":[39,51],"product_tag":[34],"class_list":{"0":"post-3716","1":"product","2":"type-product","3":"status-publish","4":"has-post-thumbnail","6":"product_cat-fantasia","7":"product_cat-oferta","8":"product_tag-penguin-random-house","10":"first","11":"outofstock","12":"shipping-taxable","13":"purchasable","14":"product-type-simple"},"_links":{"self":[{"href":"https:\/\/libreriahistoriasdebolsillo.com\/index.php\/wp-json\/wp\/v2\/product\/3716","targetHints":{"allow":["GET"]}}],"collection":[{"href":"https:\/\/libreriahistoriasdebolsillo.com\/index.php\/wp-json\/wp\/v2\/product"}],"about":[{"href":"https:\/\/libreriahistoriasdebolsillo.com\/index.php\/wp-json\/wp\/v2\/types\/product"}],"wp:featuredmedia":[{"embeddable":true,"href":"https:\/\/libreriahistoriasdebolsillo.com\/index.php\/wp-json\/wp\/v2\/media\/3717"}],"wp:attachment":[{"href":"https:\/\/libreriahistoriasdebolsillo.com\/index.php\/wp-json\/wp\/v2\/media?parent=3716"}],"wp:term":[{"taxonomy":"product_brand","embeddable":true,"href":"https:\/\/libreriahistoriasdebolsillo.com\/index.php\/wp-json\/wp\/v2\/product_brand?post=3716"},{"taxonomy":"product_cat","embeddable":true,"href":"https:\/\/libreriahistoriasdebolsillo.com\/index.php\/wp-json\/wp\/v2\/product_cat?post=3716"},{"taxonomy":"product_tag","embeddable":true,"href":"https:\/\/libreriahistoriasdebolsillo.com\/index.php\/wp-json\/wp\/v2\/product_tag?post=3716"}],"curies":[{"name":"wp","href":"https:\/\/api.w.org\/{rel}","templated":true}]}}