{"id":3720,"date":"2024-02-19T12:44:03","date_gmt":"2024-02-19T18:44:03","guid":{"rendered":"https:\/\/libreriahistoriasdebolsillo.com\/?post_type=product&#038;p=3720"},"modified":"2024-04-15T12:51:39","modified_gmt":"2024-04-15T18:51:39","slug":"maximiliano-emperador-de-mexico","status":"publish","type":"product","link":"https:\/\/libreriahistoriasdebolsillo.com\/index.php\/producto\/maximiliano-emperador-de-mexico\/","title":{"rendered":"Maximiliano, emperador de M\u00e9xico"},"content":{"rendered":"<p><b>Una biograf\u00eda compacta y completa de uno de los personajes m\u00e1s contradictorios y carism\u00e1ticos de la historia de M\u00e9xico: Maximiliano de Habsburgo.<\/b><\/p>\n<p><b>Del autor de la exitosa biograf\u00eda\u00a0<i>Porfirio D\u00edaz. Su vida y su tiempo<\/i>, ganadora del Premio Mazatl\u00e1n de Literatura 2016.<\/b><\/p>\n<p><b>Maximiliano de Habsburgo<\/b>\u00a0ostent\u00f3 el t\u00edtulo de\u00a0<b>emperador de M\u00e9xico<\/b>\u00a0entre 1864 y 1867. Su vida como monarca trascendi\u00f3 hasta nuestros d\u00edas, con especial dramatismo, por su tr\u00e1gico final. Fue un personaje a la vez pol\u00e9mico, rid\u00edculo y notable. El papel que desempe\u00f1\u00f3 en M\u00e9xico reflej\u00f3 los cambios que propiciaba, en ese momento, el ajedrez mundial, jugado sobre todo en Europa y Norteam\u00e9rica. V\u00edctima o c\u00f3mplice, su nombre resuena al lado de aquellos personajes que, como\u00a0<b>Benito Ju\u00e1rez\u00a0<\/b>y<b>\u00a0Miguel<\/b><\/p>\n<p><b>Miram\u00f3n<\/b>, marcaron nuestra historia frente al mundo en el siglo XIX.<\/p>\n<p>Esta concisa biograf\u00eda introduce a este destacado personaje hist\u00f3rico en el contexto de los 150 a\u00f1os del\u00a0<b>final del Imperio Mexicano.<\/b><\/p>\n","protected":false},"excerpt":{"rendered":"<p>Carlos Tello D\u00edaz<\/p>\n","protected":false},"featured_media":3721,"template":"","meta":{"_joinchat":[]},"product_brand":[],"product_cat":[56,41,51],"product_tag":[34],"class_list":{"0":"post-3720","1":"product","2":"type-product","3":"status-publish","4":"has-post-thumbnail","6":"product_cat-historica","7":"product_cat-desarrollo-humano","8":"product_cat-oferta","9":"product_tag-penguin-random-house","11":"first","12":"outofstock","13":"shipping-taxable","14":"purchasable","15":"product-type-simple"},"_links":{"self":[{"href":"https:\/\/libreriahistoriasdebolsillo.com\/index.php\/wp-json\/wp\/v2\/product\/3720","targetHints":{"allow":["GET"]}}],"collection":[{"href":"https:\/\/libreriahistoriasdebolsillo.com\/index.php\/wp-json\/wp\/v2\/product"}],"about":[{"href":"https:\/\/libreriahistoriasdebolsillo.com\/index.php\/wp-json\/wp\/v2\/types\/product"}],"wp:featuredmedia":[{"embeddable":true,"href":"https:\/\/libreriahistoriasdebolsillo.com\/index.php\/wp-json\/wp\/v2\/media\/3721"}],"wp:attachment":[{"href":"https:\/\/libreriahistoriasdebolsillo.com\/index.php\/wp-json\/wp\/v2\/media?parent=3720"}],"wp:term":[{"taxonomy":"product_brand","embeddable":true,"href":"https:\/\/libreriahistoriasdebolsillo.com\/index.php\/wp-json\/wp\/v2\/product_brand?post=3720"},{"taxonomy":"product_cat","embeddable":true,"href":"https:\/\/libreriahistoriasdebolsillo.com\/index.php\/wp-json\/wp\/v2\/product_cat?post=3720"},{"taxonomy":"product_tag","embeddable":true,"href":"https:\/\/libreriahistoriasdebolsillo.com\/index.php\/wp-json\/wp\/v2\/product_tag?post=3720"}],"curies":[{"name":"wp","href":"https:\/\/api.w.org\/{rel}","templated":true}]}}